{"id":17,"date":"2017-02-16T09:26:13","date_gmt":"2017-02-16T08:26:13","guid":{"rendered":"http:\/\/cms.aeromix.de\/?page_id=17"},"modified":"2017-03-23T14:23:45","modified_gmt":"2017-03-23T13:23:45","slug":"kontakt","status":"publish","type":"page","link":"https:\/\/aeromix.de\/en\/kontakt\/","title":{"rendered":"Kontakt"},"content":{"rendered":"<p><span style=\"font-family: Verdana,Tahoma; font-size: small;\"><b>AEROMIX GmbH<\/b><\/span><span style=\"font-family: Verdana,Tahoma,Arial,Helvetica,sans-serif;\"><br \/>\nKarsten Hannemann<br \/>\n<\/span><span style=\"font-family: Verdana,Tahoma,Arial,Helvetica,sans-serif;\">Jozef Jezapkowicz<br \/>\nBeuler H\u00f6he 32-34<br \/>\n45525 Hattingen<br \/>\n<\/span><\/p>\n<p><span style=\"font-family: Verdana,Tahoma,Arial,Helvetica,sans-serif;\">Telefon: +49 2324 950343<br \/>\nFax: \u00a0 \u00a0\u00a0 +49 2324 201609<br \/>\ne-mail\u00a0\u00a0 info@aeromix.de<\/span><\/p>\n\n<div class=\"wpcf7 no-js\" id=\"wpcf7-f85-o1\" lang=\"de-DE\" dir=\"ltr\">\n<div class=\"screen-reader-response\"><p role=\"status\" aria-live=\"polite\" aria-atomic=\"true\"><\/p> <ul><\/ul><\/div>\n<form action=\"\/en\/wp-json\/wp\/v2\/pages\/17#wpcf7-f85-o1\" method=\"post\" class=\"wpcf7-form init\" aria-label=\"Kontaktformular\" novalidate=\"novalidate\" data-status=\"init\">\n<div style=\"display: none;\">\n<input type=\"hidden\" name=\"_wpcf7\" value=\"85\" \/>\n<input type=\"hidden\" name=\"_wpcf7_version\" value=\"5.8.6\" \/>\n<input type=\"hidden\" name=\"_wpcf7_locale\" value=\"de_DE\" \/>\n<input type=\"hidden\" name=\"_wpcf7_unit_tag\" value=\"wpcf7-f85-o1\" \/>\n<input type=\"hidden\" name=\"_wpcf7_container_post\" value=\"0\" \/>\n<input type=\"hidden\" name=\"_wpcf7_posted_data_hash\" value=\"\" \/>\n<\/div>\n<p><label> Ihr Name (Pflichtfeld)<br \/>\n<span class=\"wpcf7-form-control-wrap\" data-name=\"your-name\"><input size=\"40\" class=\"wpcf7-form-control wpcf7-text wpcf7-validates-as-required\" aria-required=\"true\" aria-invalid=\"false\" value=\"\" type=\"text\" name=\"your-name\" \/><\/span> <\/label>\n<\/p>\n<p><label> Ihre E-Mail-Adresse (Pflichtfeld)<br \/>\n<span class=\"wpcf7-form-control-wrap\" data-name=\"your-email\"><input size=\"40\" class=\"wpcf7-form-control wpcf7-email wpcf7-validates-as-required wpcf7-text wpcf7-validates-as-email\" aria-required=\"true\" aria-invalid=\"false\" value=\"\" type=\"email\" name=\"your-email\" \/><\/span> <\/label>\n<\/p>\n<p><label> Betreff<br \/>\n<span class=\"wpcf7-form-control-wrap\" data-name=\"your-subject\"><input size=\"40\" class=\"wpcf7-form-control wpcf7-text\" aria-invalid=\"false\" value=\"\" type=\"text\" name=\"your-subject\" \/><\/span> <\/label>\n<\/p>\n<p><label> Ihre Nachricht<br \/>\n<span class=\"wpcf7-form-control-wrap\" data-name=\"your-message\"><textarea cols=\"40\" rows=\"10\" class=\"wpcf7-form-control wpcf7-textarea\" aria-invalid=\"false\" name=\"your-message\"><\/textarea><\/span> <\/label>\n<\/p>\n<p><span class=\"wpcf7-form-control-wrap\" data-name=\"acceptance-297\"><span class=\"wpcf7-form-control wpcf7-acceptance\"><span class=\"wpcf7-list-item\"><label><input type=\"checkbox\" name=\"acceptance-297\" value=\"1\" aria-invalid=\"false\" \/><span class=\"wpcf7-list-item-label\">Ich stimme zu, dass meine Angaben aus dem Kontaktformular zur Beantwortung meiner Anfrage erhoben und verarbeitet werden. Die Daten werden nach abgeschlossener Bearbeitung Ihrer Anfrage gel\u00f6scht. Hinweis: Sie k\u00f6nnen Ihre Einwilligung jederzeit f\u00fcr die Zukunft per E-Mail an info@aeromix.de widerrufen. Detaillierte Informationen zum Umgang mit Nutzerdaten finden Sie in unserer <a href=\"https:\/\/aeromix.de\/impressum\/\">Datenschutzerkl\u00e4rung<\/a><\/span><\/label><\/span><\/span><\/span>\n<\/p>\n<p><input class=\"wpcf7-form-control wpcf7-submit has-spinner\" type=\"submit\" value=\"Senden\" \/>\n<\/p><div class=\"wpcf7-response-output\" aria-hidden=\"true\"><\/div>\n<\/form>\n<\/div>\n\n<p><iframe loading=\"lazy\" style=\"border: 0;\" src=\"https:\/\/www.google.com\/maps\/embed?pb=!1m18!1m12!1m3!1d2489.4949409070787!2d7.16993431592795!3d51.39395992681175!2m3!1f0!2f0!3f0!3m2!1i1024!2i768!4f13.1!3m3!1m2!1s0x47b8df269c38af93%3A0xa0a35e4f4a24bbe2!2sAeromix+Misch-+und+Aufschlag-+technik+GmbH!5e0!3m2!1sde!2sde!4v1487233560987\" width=\"600\" height=\"450\" frameborder=\"0\" allowfullscreen=\"allowfullscreen\"><\/iframe><\/p>\n","protected":false},"excerpt":{"rendered":"<p>AEROMIX GmbH Karsten Hannemann Jozef Jezapkowicz Beuler H\u00f6he 32-34 45525 Hattingen Telefon: +49 2324 950343 Fax: \u00a0 \u00a0\u00a0 +49 2324 201609 e-mail\u00a0\u00a0 info@aeromix.de<\/p>\n","protected":false},"author":1,"featured_media":0,"parent":0,"menu_order":0,"comment_status":"closed","ping_status":"closed","template":"","meta":{"footnotes":""},"yoast_head":"<!-- This site is optimized with the Yoast SEO plugin v21.9 - https:\/\/yoast.com\/wordpress\/plugins\/seo\/ -->\n<title>Kontakt - AEROMIX.de<\/title>\n<meta name=\"robots\" content=\"index, follow, max-snippet:-1, max-image-preview:large, max-video-preview:-1\" \/>\n<link rel=\"canonical\" href=\"https:\/\/aeromix.de\/kontakt\/\" \/>\n<meta property=\"og:locale\" content=\"en_US\" \/>\n<meta property=\"og:type\" content=\"article\" \/>\n<meta property=\"og:title\" content=\"Kontakt - AEROMIX.de\" \/>\n<meta property=\"og:description\" content=\"AEROMIX GmbH Karsten Hannemann Jozef Jezapkowicz Beuler H\u00f6he 32-34 45525 Hattingen Telefon: +49 2324 950343 Fax: \u00a0 \u00a0\u00a0 +49 2324 201609 e-mail\u00a0\u00a0 info@aeromix.de\" \/>\n<meta property=\"og:url\" content=\"https:\/\/aeromix.de\/kontakt\/\" \/>\n<meta property=\"og:site_name\" content=\"AEROMIX.de\" \/>\n<meta property=\"article:modified_time\" content=\"2017-03-23T13:23:45+00:00\" \/>\n<meta name=\"twitter:card\" content=\"summary_large_image\" \/>\n<script type=\"application\/ld+json\" class=\"yoast-schema-graph\">{\"@context\":\"https:\/\/schema.org\",\"@graph\":[{\"@type\":\"WebPage\",\"@id\":\"https:\/\/aeromix.de\/kontakt\/\",\"url\":\"https:\/\/aeromix.de\/kontakt\/\",\"name\":\"Kontakt - AEROMIX.de\",\"isPartOf\":{\"@id\":\"https:\/\/aeromix.de\/#website\"},\"datePublished\":\"2017-02-16T08:26:13+00:00\",\"dateModified\":\"2017-03-23T13:23:45+00:00\",\"breadcrumb\":{\"@id\":\"https:\/\/aeromix.de\/kontakt\/#breadcrumb\"},\"inLanguage\":\"en-US\",\"potentialAction\":[{\"@type\":\"ReadAction\",\"target\":[\"https:\/\/aeromix.de\/kontakt\/\"]}]},{\"@type\":\"BreadcrumbList\",\"@id\":\"https:\/\/aeromix.de\/kontakt\/#breadcrumb\",\"itemListElement\":[{\"@type\":\"ListItem\",\"position\":1,\"name\":\"Startseite\",\"item\":\"https:\/\/aeromix.de\/\"},{\"@type\":\"ListItem\",\"position\":2,\"name\":\"Kontakt\"}]},{\"@type\":\"WebSite\",\"@id\":\"https:\/\/aeromix.de\/#website\",\"url\":\"https:\/\/aeromix.de\/\",\"name\":\"AEROMIX.de\",\"description\":\"Aufschlag-Maschinen seit 1996!\",\"publisher\":{\"@id\":\"https:\/\/aeromix.de\/#organization\"},\"potentialAction\":[{\"@type\":\"SearchAction\",\"target\":{\"@type\":\"EntryPoint\",\"urlTemplate\":\"https:\/\/aeromix.de\/?s={search_term_string}\"},\"query-input\":\"required name=search_term_string\"}],\"inLanguage\":\"en-US\"},{\"@type\":\"Organization\",\"@id\":\"https:\/\/aeromix.de\/#organization\",\"name\":\"Aeromix GmbH\",\"url\":\"https:\/\/aeromix.de\/\",\"logo\":{\"@type\":\"ImageObject\",\"inLanguage\":\"en-US\",\"@id\":\"https:\/\/aeromix.de\/#\/schema\/logo\/image\/\",\"url\":\"https:\/\/aeromix.de\/wp-content\/uploads\/2017\/02\/cropped-logo_aeromix.png\",\"contentUrl\":\"https:\/\/aeromix.de\/wp-content\/uploads\/2017\/02\/cropped-logo_aeromix.png\",\"width\":506,\"height\":275,\"caption\":\"Aeromix GmbH\"},\"image\":{\"@id\":\"https:\/\/aeromix.de\/#\/schema\/logo\/image\/\"}}]}<\/script>\n<!-- \/ Yoast SEO plugin. -->","yoast_head_json":{"title":"Kontakt - AEROMIX.de","robots":{"index":"index","follow":"follow","max-snippet":"max-snippet:-1","max-image-preview":"max-image-preview:large","max-video-preview":"max-video-preview:-1"},"canonical":"https:\/\/aeromix.de\/kontakt\/","og_locale":"en_US","og_type":"article","og_title":"Kontakt - AEROMIX.de","og_description":"AEROMIX GmbH Karsten Hannemann Jozef Jezapkowicz Beuler H\u00f6he 32-34 45525 Hattingen Telefon: +49 2324 950343 Fax: \u00a0 \u00a0\u00a0 +49 2324 201609 e-mail\u00a0\u00a0 info@aeromix.de","og_url":"https:\/\/aeromix.de\/kontakt\/","og_site_name":"AEROMIX.de","article_modified_time":"2017-03-23T13:23:45+00:00","twitter_card":"summary_large_image","schema":{"@context":"https:\/\/schema.org","@graph":[{"@type":"WebPage","@id":"https:\/\/aeromix.de\/kontakt\/","url":"https:\/\/aeromix.de\/kontakt\/","name":"Kontakt - AEROMIX.de","isPartOf":{"@id":"https:\/\/aeromix.de\/#website"},"datePublished":"2017-02-16T08:26:13+00:00","dateModified":"2017-03-23T13:23:45+00:00","breadcrumb":{"@id":"https:\/\/aeromix.de\/kontakt\/#breadcrumb"},"inLanguage":"en-US","potentialAction":[{"@type":"ReadAction","target":["https:\/\/aeromix.de\/kontakt\/"]}]},{"@type":"BreadcrumbList","@id":"https:\/\/aeromix.de\/kontakt\/#breadcrumb","itemListElement":[{"@type":"ListItem","position":1,"name":"Startseite","item":"https:\/\/aeromix.de\/"},{"@type":"ListItem","position":2,"name":"Kontakt"}]},{"@type":"WebSite","@id":"https:\/\/aeromix.de\/#website","url":"https:\/\/aeromix.de\/","name":"AEROMIX.de","description":"Aufschlag-Maschinen seit 1996!","publisher":{"@id":"https:\/\/aeromix.de\/#organization"},"potentialAction":[{"@type":"SearchAction","target":{"@type":"EntryPoint","urlTemplate":"https:\/\/aeromix.de\/?s={search_term_string}"},"query-input":"required name=search_term_string"}],"inLanguage":"en-US"},{"@type":"Organization","@id":"https:\/\/aeromix.de\/#organization","name":"Aeromix GmbH","url":"https:\/\/aeromix.de\/","logo":{"@type":"ImageObject","inLanguage":"en-US","@id":"https:\/\/aeromix.de\/#\/schema\/logo\/image\/","url":"https:\/\/aeromix.de\/wp-content\/uploads\/2017\/02\/cropped-logo_aeromix.png","contentUrl":"https:\/\/aeromix.de\/wp-content\/uploads\/2017\/02\/cropped-logo_aeromix.png","width":506,"height":275,"caption":"Aeromix GmbH"},"image":{"@id":"https:\/\/aeromix.de\/#\/schema\/logo\/image\/"}}]}},"_links":{"self":[{"href":"https:\/\/aeromix.de\/en\/wp-json\/wp\/v2\/pages\/17"}],"collection":[{"href":"https:\/\/aeromix.de\/en\/wp-json\/wp\/v2\/pages"}],"about":[{"href":"https:\/\/aeromix.de\/en\/wp-json\/wp\/v2\/types\/page"}],"author":[{"embeddable":true,"href":"https:\/\/aeromix.de\/en\/wp-json\/wp\/v2\/users\/1"}],"replies":[{"embeddable":true,"href":"https:\/\/aeromix.de\/en\/wp-json\/wp\/v2\/comments?post=17"}],"version-history":[{"count":5,"href":"https:\/\/aeromix.de\/en\/wp-json\/wp\/v2\/pages\/17\/revisions"}],"predecessor-version":[{"id":289,"href":"https:\/\/aeromix.de\/en\/wp-json\/wp\/v2\/pages\/17\/revisions\/289"}],"wp:attachment":[{"href":"https:\/\/aeromix.de\/en\/wp-json\/wp\/v2\/media?parent=17"}],"curies":[{"name":"wp","href":"https:\/\/api.w.org\/{rel}","templated":true}]}}