{"id":25,"date":"2017-02-16T09:30:11","date_gmt":"2017-02-16T08:30:11","guid":{"rendered":"http:\/\/cms.aeromix.de\/?page_id=25"},"modified":"2017-07-05T10:46:29","modified_gmt":"2017-07-05T08:46:29","slug":"mischkoepfe","status":"publish","type":"page","link":"https:\/\/aeromix.de\/en\/produkte\/mischkoepfe\/","title":{"rendered":"MIXING HEADS"},"content":{"rendered":"<p>&nbsp;<\/p>\n<p>-acid-resistant stainless steel 1.4571, 316Ti<a href=\"https:\/\/aeromix.de\/wp-content\/uploads\/2017\/02\/koepfe.jpg\"><img loading=\"lazy\" decoding=\"async\" class=\"size-medium wp-image-47 alignright\" src=\"https:\/\/aeromix.de\/wp-content\/uploads\/2017\/02\/koepfe-500x376.jpg\" alt=\"\" width=\"500\" height=\"376\" srcset=\"https:\/\/aeromix.de\/wp-content\/uploads\/2017\/02\/koepfe-500x376.jpg 500w, https:\/\/aeromix.de\/wp-content\/uploads\/2017\/02\/koepfe.jpg 531w\" sizes=\"(max-width: 500px) 100vw, 500px\" \/><\/a><\/p>\n<p>-parts with product contact are electrolytically polished<\/p>\n<p>-double mechanical seal as a shaft seal<\/p>\n<p>-screwed with drawbars as a safety at high pressure<\/p>\n<p>-bearing housing with high-quality ball bearings for guidance of the shaft<\/p>\n<p>-mixing heads are easily interchangeable<\/p>\n<p>-different sizes of mixing heads for all production requirements<\/p>\n<p><u>Sizes of mixing heads: <\/u><\/p>\n<p>Mixing head type AERO 0.12 \/ 228 square pin<\/p>\n<p>For technical center and small productions from 20 to 120 l\/h (product-dependent)<\/p>\n<p>Mixing head type AERO 0.5 \/ 552 square pin<\/p>\n<p>For technical center and small productions from 50 to 500 l\/h (product-dependent)<\/p>\n<p>Mixing head type AERO 1.5 \/ 864 square pin<\/p>\n<p>For productions up to 1.500 l\/h (product-dependent)<\/p>\n<p>Mixing head type AERO 4.0 \/ 1368 square pin<\/p>\n<p>For productions up to 4.000 l\/h (product-dependent)<\/p>\n<p>Mixing head type AERO 1.0 solid \/ 570 pins milled<\/p>\n<p>For productions up to 1.000 l\/h (product-dependent)<\/p>\n<p>Mixing head type AERO 4.0 solid \/ 870 pins milled<\/p>\n<p>For productions up to 1.500 l\/h (product-dependent)<\/p>\n<p>&nbsp;<\/p>\n<p>&nbsp;<\/p>\n<p>&nbsp;<\/p>\n<p>&nbsp;<\/p>\n<p>&nbsp;<\/p>\n<p>&nbsp;<\/p>\n<p>&nbsp;<\/p>\n<p>&nbsp;<\/p>\n<p>&nbsp;<\/p>\n<p>&nbsp;<\/p>\n<p>&nbsp;<\/p>","protected":false},"excerpt":{"rendered":"<p>&nbsp; -acid-resistant stainless steel 1.4571, 316Ti -parts with product contact are electrolytically polished -double mechanical seal as a shaft seal -screwed with drawbars as a safety at high pressure -bearing housing with high-quality ball bearings for guidance of the shaft<\/p>\n","protected":false},"author":1,"featured_media":0,"parent":13,"menu_order":0,"comment_status":"closed","ping_status":"closed","template":"","meta":{"footnotes":""},"yoast_head":"<!-- This site is optimized with the Yoast SEO plugin v21.9 - https:\/\/yoast.com\/wordpress\/plugins\/seo\/ -->\n<title>MIXING HEADS - AEROMIX.de<\/title>\n<meta name=\"robots\" content=\"index, follow, max-snippet:-1, max-image-preview:large, max-video-preview:-1\" \/>\n<link rel=\"canonical\" href=\"https:\/\/aeromix.de\/pl\/produkte\/mischkoepfe\/\" \/>\n<meta property=\"og:locale\" content=\"en_US\" \/>\n<meta property=\"og:type\" content=\"article\" \/>\n<meta property=\"og:title\" content=\"[:de]Mischk\u00f6pfe[:en]MIXING HEADS[:pl]G\u0142owice mieszaj\u0105ce[:es]Cabezales de mezcla[:] - AEROMIX.de\" \/>\n<meta property=\"og:description\" content=\"&nbsp; -acid-resistant stainless steel 1.4571, 316Ti -parts with product contact are electrolytically polished -double mechanical seal as a shaft seal -screwed with drawbars as a safety at high pressure -bearing housing with high-quality ball bearings for guidance of the shaft\" \/>\n<meta property=\"og:url\" content=\"https:\/\/aeromix.de\/pl\/produkte\/mischkoepfe\/\" \/>\n<meta property=\"og:site_name\" content=\"AEROMIX.de\" \/>\n<meta property=\"article:modified_time\" content=\"2017-07-05T08:46:29+00:00\" \/>\n<meta property=\"og:image\" content=\"https:\/\/aeromix.de\/wp-content\/uploads\/2017\/02\/koepfe-500x376.jpg\" \/>\n<meta name=\"twitter:card\" content=\"summary_large_image\" \/>\n<meta name=\"twitter:label1\" content=\"Est. reading time\" \/>\n\t<meta name=\"twitter:data1\" content=\"3 minutes\" \/>\n<script type=\"application\/ld+json\" class=\"yoast-schema-graph\">{\"@context\":\"https:\/\/schema.org\",\"@graph\":[{\"@type\":\"WebPage\",\"@id\":\"https:\/\/aeromix.de\/pl\/produkte\/mischkoepfe\/\",\"url\":\"https:\/\/aeromix.de\/pl\/produkte\/mischkoepfe\/\",\"name\":\"[:de]Mischk\u00f6pfe[:en]MIXING HEADS[:pl]G\u0142owice mieszaj\u0105ce[:es]Cabezales de mezcla[:] - AEROMIX.de\",\"isPartOf\":{\"@id\":\"https:\/\/aeromix.de\/#website\"},\"datePublished\":\"2017-02-16T08:30:11+00:00\",\"dateModified\":\"2017-07-05T08:46:29+00:00\",\"breadcrumb\":{\"@id\":\"https:\/\/aeromix.de\/pl\/produkte\/mischkoepfe\/#breadcrumb\"},\"inLanguage\":\"en-US\",\"potentialAction\":[{\"@type\":\"ReadAction\",\"target\":[\"https:\/\/aeromix.de\/pl\/produkte\/mischkoepfe\/\"]}]},{\"@type\":\"BreadcrumbList\",\"@id\":\"https:\/\/aeromix.de\/pl\/produkte\/mischkoepfe\/#breadcrumb\",\"itemListElement\":[{\"@type\":\"ListItem\",\"position\":1,\"name\":\"Startseite\",\"item\":\"https:\/\/aeromix.de\/\"},{\"@type\":\"ListItem\",\"position\":2,\"name\":\"Productos\",\"item\":\"https:\/\/aeromix.de\/es\/produkte\/\"},{\"@type\":\"ListItem\",\"position\":3,\"name\":\"G\u0142owice mieszaj\u0105ce\"}]},{\"@type\":\"WebSite\",\"@id\":\"https:\/\/aeromix.de\/#website\",\"url\":\"https:\/\/aeromix.de\/\",\"name\":\"AEROMIX.de\",\"description\":\"Aufschlag-Maschinen seit 1996!\",\"publisher\":{\"@id\":\"https:\/\/aeromix.de\/#organization\"},\"potentialAction\":[{\"@type\":\"SearchAction\",\"target\":{\"@type\":\"EntryPoint\",\"urlTemplate\":\"https:\/\/aeromix.de\/?s={search_term_string}\"},\"query-input\":\"required name=search_term_string\"}],\"inLanguage\":\"en-US\"},{\"@type\":\"Organization\",\"@id\":\"https:\/\/aeromix.de\/#organization\",\"name\":\"Aeromix GmbH\",\"url\":\"https:\/\/aeromix.de\/\",\"logo\":{\"@type\":\"ImageObject\",\"inLanguage\":\"en-US\",\"@id\":\"https:\/\/aeromix.de\/#\/schema\/logo\/image\/\",\"url\":\"https:\/\/aeromix.de\/wp-content\/uploads\/2017\/02\/cropped-logo_aeromix.png\",\"contentUrl\":\"https:\/\/aeromix.de\/wp-content\/uploads\/2017\/02\/cropped-logo_aeromix.png\",\"width\":506,\"height\":275,\"caption\":\"Aeromix GmbH\"},\"image\":{\"@id\":\"https:\/\/aeromix.de\/#\/schema\/logo\/image\/\"}}]}<\/script>\n<!-- \/ Yoast SEO plugin. -->","yoast_head_json":{"title":"[:de]Mischk\u00f6pfe[:en]MIXING HEADS[:pl]G\u0142owice mieszaj\u0105ce[:es]Cabezales de mezcla[:] - AEROMIX.de","robots":{"index":"index","follow":"follow","max-snippet":"max-snippet:-1","max-image-preview":"max-image-preview:large","max-video-preview":"max-video-preview:-1"},"canonical":"https:\/\/aeromix.de\/pl\/produkte\/mischkoepfe\/","og_locale":"en_US","og_type":"article","og_title":"[:de]Mischk\u00f6pfe[:en]MIXING HEADS[:pl]G\u0142owice mieszaj\u0105ce[:es]Cabezales de mezcla[:] - AEROMIX.de","og_description":"&nbsp; -acid-resistant stainless steel 1.4571, 316Ti -parts with product contact are electrolytically polished -double mechanical seal as a shaft seal -screwed with drawbars as a safety at high pressure -bearing housing with high-quality ball bearings for guidance of the shaft","og_url":"https:\/\/aeromix.de\/pl\/produkte\/mischkoepfe\/","og_site_name":"AEROMIX.de","article_modified_time":"2017-07-05T08:46:29+00:00","og_image":[{"url":"https:\/\/aeromix.de\/wp-content\/uploads\/2017\/02\/koepfe-500x376.jpg"}],"twitter_card":"summary_large_image","twitter_misc":{"Est. reading time":"3 minutes"},"schema":{"@context":"https:\/\/schema.org","@graph":[{"@type":"WebPage","@id":"https:\/\/aeromix.de\/pl\/produkte\/mischkoepfe\/","url":"https:\/\/aeromix.de\/pl\/produkte\/mischkoepfe\/","name":"[:de]Mischk\u00f6pfe[:en]MIXING HEADS[:pl]G\u0142owice mieszaj\u0105ce[:es]Cabezales de mezcla[:] - AEROMIX.de","isPartOf":{"@id":"https:\/\/aeromix.de\/#website"},"datePublished":"2017-02-16T08:30:11+00:00","dateModified":"2017-07-05T08:46:29+00:00","breadcrumb":{"@id":"https:\/\/aeromix.de\/pl\/produkte\/mischkoepfe\/#breadcrumb"},"inLanguage":"en-US","potentialAction":[{"@type":"ReadAction","target":["https:\/\/aeromix.de\/pl\/produkte\/mischkoepfe\/"]}]},{"@type":"BreadcrumbList","@id":"https:\/\/aeromix.de\/pl\/produkte\/mischkoepfe\/#breadcrumb","itemListElement":[{"@type":"ListItem","position":1,"name":"Startseite","item":"https:\/\/aeromix.de\/"},{"@type":"ListItem","position":2,"name":"Productos","item":"https:\/\/aeromix.de\/es\/produkte\/"},{"@type":"ListItem","position":3,"name":"G\u0142owice mieszaj\u0105ce"}]},{"@type":"WebSite","@id":"https:\/\/aeromix.de\/#website","url":"https:\/\/aeromix.de\/","name":"AEROMIX.de","description":"Aufschlag-Maschinen seit 1996!","publisher":{"@id":"https:\/\/aeromix.de\/#organization"},"potentialAction":[{"@type":"SearchAction","target":{"@type":"EntryPoint","urlTemplate":"https:\/\/aeromix.de\/?s={search_term_string}"},"query-input":"required name=search_term_string"}],"inLanguage":"en-US"},{"@type":"Organization","@id":"https:\/\/aeromix.de\/#organization","name":"Aeromix GmbH","url":"https:\/\/aeromix.de\/","logo":{"@type":"ImageObject","inLanguage":"en-US","@id":"https:\/\/aeromix.de\/#\/schema\/logo\/image\/","url":"https:\/\/aeromix.de\/wp-content\/uploads\/2017\/02\/cropped-logo_aeromix.png","contentUrl":"https:\/\/aeromix.de\/wp-content\/uploads\/2017\/02\/cropped-logo_aeromix.png","width":506,"height":275,"caption":"Aeromix GmbH"},"image":{"@id":"https:\/\/aeromix.de\/#\/schema\/logo\/image\/"}}]}},"_links":{"self":[{"href":"https:\/\/aeromix.de\/en\/wp-json\/wp\/v2\/pages\/25"}],"collection":[{"href":"https:\/\/aeromix.de\/en\/wp-json\/wp\/v2\/pages"}],"about":[{"href":"https:\/\/aeromix.de\/en\/wp-json\/wp\/v2\/types\/page"}],"author":[{"embeddable":true,"href":"https:\/\/aeromix.de\/en\/wp-json\/wp\/v2\/users\/1"}],"replies":[{"embeddable":true,"href":"https:\/\/aeromix.de\/en\/wp-json\/wp\/v2\/comments?post=25"}],"version-history":[{"count":8,"href":"https:\/\/aeromix.de\/en\/wp-json\/wp\/v2\/pages\/25\/revisions"}],"predecessor-version":[{"id":253,"href":"https:\/\/aeromix.de\/en\/wp-json\/wp\/v2\/pages\/25\/revisions\/253"}],"up":[{"embeddable":true,"href":"https:\/\/aeromix.de\/en\/wp-json\/wp\/v2\/pages\/13"}],"wp:attachment":[{"href":"https:\/\/aeromix.de\/en\/wp-json\/wp\/v2\/media?parent=25"}],"curies":[{"name":"wp","href":"https:\/\/api.w.org\/{rel}","templated":true}]}}