{"id":33,"date":"2017-02-16T09:31:02","date_gmt":"2017-02-16T08:31:02","guid":{"rendered":"http:\/\/cms.aeromix.de\/?page_id=33"},"modified":"2017-07-05T10:44:09","modified_gmt":"2017-07-05T08:44:09","slug":"ueber-aufschlagmaschinen","status":"publish","type":"page","link":"https:\/\/aeromix.de\/en\/produkte\/ueber-aufschlagmaschinen\/","title":{"rendered":"ABOUT WHIPPING MACHINES"},"content":{"rendered":"<p>&nbsp;<\/p>\n<p>Whipping machines (alias aerator, foam producer, foam generator, industrx mixer) manufacture foam for a wide range of different products.<\/p>\n<p>The heart of the machine is the mixing head, the \u201ein-line axial flow mixer\u201c. This mixing head consists of a rotor and a stator, which are equipped with many pins to guarantee a precise rotation.<\/p>\n<p>&nbsp;<\/p>\n<p>A liquid or pasty medium is transported precisley through pump. At the entrance of the mixing head, nitrogen is proportional dosed to the product quantity. Due to the rotation of the mixing head, nitrogen bladders are consistently distributed.<\/p>\n<p>The foam can be take from at the exit of the mixing head.<\/p>\n<p>The end product is a whipped mass which is now ready for filling.<a href=\"https:\/\/aeromix.de\/wp-content\/uploads\/2017\/02\/whippingmachines.png\"><img loading=\"lazy\" decoding=\"async\" class=\"size-medium wp-image-245 aligncenter\" src=\"https:\/\/aeromix.de\/wp-content\/uploads\/2017\/02\/whippingmachines-500x258.png\" alt=\"\" width=\"500\" height=\"258\" srcset=\"https:\/\/aeromix.de\/wp-content\/uploads\/2017\/02\/whippingmachines-500x258.png 500w, https:\/\/aeromix.de\/wp-content\/uploads\/2017\/02\/whippingmachines-768x396.png 768w, https:\/\/aeromix.de\/wp-content\/uploads\/2017\/02\/whippingmachines.png 878w\" sizes=\"(max-width: 500px) 100vw, 500px\" \/><\/a><\/p>\n<p>&nbsp;<\/p>","protected":false},"excerpt":{"rendered":"<p>&nbsp; Whipping machines (alias aerator, foam producer, foam generator, industrx mixer) manufacture foam for a wide range of different products. The heart of the machine is the mixing head, the \u201ein-line axial flow mixer\u201c. This mixing head consists of a<\/p>\n","protected":false},"author":1,"featured_media":0,"parent":13,"menu_order":0,"comment_status":"closed","ping_status":"closed","template":"","meta":{"footnotes":""},"yoast_head":"<!-- This site is optimized with the Yoast SEO plugin v21.9 - https:\/\/yoast.com\/wordpress\/plugins\/seo\/ -->\n<title>ABOUT WHIPPING MACHINES - AEROMIX.de<\/title>\n<meta name=\"robots\" content=\"index, follow, max-snippet:-1, max-image-preview:large, max-video-preview:-1\" \/>\n<link rel=\"canonical\" href=\"https:\/\/aeromix.de\/pl\/produkte\/ueber-aufschlagmaschinen\/\" \/>\n<meta property=\"og:locale\" content=\"en_US\" \/>\n<meta property=\"og:type\" content=\"article\" \/>\n<meta property=\"og:title\" content=\"[:de]\u00dcber Aufschlagmaschinen[:en]ABOUT WHIPPING MACHINES[:pl]o maszynach napowietrzajacych[:es]Sobre las m\u00e1quinas m\u00e1quinas batidoras[:] - AEROMIX.de\" \/>\n<meta property=\"og:description\" content=\"&nbsp; Whipping machines (alias aerator, foam producer, foam generator, industrx mixer) manufacture foam for a wide range of different products. The heart of the machine is the mixing head, the \u201ein-line axial flow mixer\u201c. This mixing head consists of a\" \/>\n<meta property=\"og:url\" content=\"https:\/\/aeromix.de\/pl\/produkte\/ueber-aufschlagmaschinen\/\" \/>\n<meta property=\"og:site_name\" content=\"AEROMIX.de\" \/>\n<meta property=\"article:modified_time\" content=\"2017-07-05T08:44:09+00:00\" \/>\n<meta property=\"og:image\" content=\"https:\/\/aeromix.de\/wp-content\/uploads\/2017\/02\/aufschlagmaschinen.png\" \/>\n<meta name=\"twitter:card\" content=\"summary_large_image\" \/>\n<meta name=\"twitter:label1\" content=\"Est. reading time\" \/>\n\t<meta name=\"twitter:data1\" content=\"3 minutes\" \/>\n<script type=\"application\/ld+json\" class=\"yoast-schema-graph\">{\"@context\":\"https:\/\/schema.org\",\"@graph\":[{\"@type\":\"WebPage\",\"@id\":\"https:\/\/aeromix.de\/pl\/produkte\/ueber-aufschlagmaschinen\/\",\"url\":\"https:\/\/aeromix.de\/pl\/produkte\/ueber-aufschlagmaschinen\/\",\"name\":\"[:de]\u00dcber Aufschlagmaschinen[:en]ABOUT WHIPPING MACHINES[:pl]o maszynach napowietrzajacych[:es]Sobre las m\u00e1quinas m\u00e1quinas batidoras[:] - AEROMIX.de\",\"isPartOf\":{\"@id\":\"https:\/\/aeromix.de\/#website\"},\"datePublished\":\"2017-02-16T08:31:02+00:00\",\"dateModified\":\"2017-07-05T08:44:09+00:00\",\"breadcrumb\":{\"@id\":\"https:\/\/aeromix.de\/pl\/produkte\/ueber-aufschlagmaschinen\/#breadcrumb\"},\"inLanguage\":\"en-US\",\"potentialAction\":[{\"@type\":\"ReadAction\",\"target\":[\"https:\/\/aeromix.de\/pl\/produkte\/ueber-aufschlagmaschinen\/\"]}]},{\"@type\":\"BreadcrumbList\",\"@id\":\"https:\/\/aeromix.de\/pl\/produkte\/ueber-aufschlagmaschinen\/#breadcrumb\",\"itemListElement\":[{\"@type\":\"ListItem\",\"position\":1,\"name\":\"Startseite\",\"item\":\"https:\/\/aeromix.de\/\"},{\"@type\":\"ListItem\",\"position\":2,\"name\":\"Productos\",\"item\":\"https:\/\/aeromix.de\/es\/produkte\/\"},{\"@type\":\"ListItem\",\"position\":3,\"name\":\"o maszynach napowietrzajacych\"}]},{\"@type\":\"WebSite\",\"@id\":\"https:\/\/aeromix.de\/#website\",\"url\":\"https:\/\/aeromix.de\/\",\"name\":\"AEROMIX.de\",\"description\":\"Aufschlag-Maschinen seit 1996!\",\"publisher\":{\"@id\":\"https:\/\/aeromix.de\/#organization\"},\"potentialAction\":[{\"@type\":\"SearchAction\",\"target\":{\"@type\":\"EntryPoint\",\"urlTemplate\":\"https:\/\/aeromix.de\/?s={search_term_string}\"},\"query-input\":\"required name=search_term_string\"}],\"inLanguage\":\"en-US\"},{\"@type\":\"Organization\",\"@id\":\"https:\/\/aeromix.de\/#organization\",\"name\":\"Aeromix GmbH\",\"url\":\"https:\/\/aeromix.de\/\",\"logo\":{\"@type\":\"ImageObject\",\"inLanguage\":\"en-US\",\"@id\":\"https:\/\/aeromix.de\/#\/schema\/logo\/image\/\",\"url\":\"https:\/\/aeromix.de\/wp-content\/uploads\/2017\/02\/cropped-logo_aeromix.png\",\"contentUrl\":\"https:\/\/aeromix.de\/wp-content\/uploads\/2017\/02\/cropped-logo_aeromix.png\",\"width\":506,\"height\":275,\"caption\":\"Aeromix GmbH\"},\"image\":{\"@id\":\"https:\/\/aeromix.de\/#\/schema\/logo\/image\/\"}}]}<\/script>\n<!-- \/ Yoast SEO plugin. -->","yoast_head_json":{"title":"[:de]\u00dcber Aufschlagmaschinen[:en]ABOUT WHIPPING MACHINES[:pl]o maszynach napowietrzajacych[:es]Sobre las m\u00e1quinas m\u00e1quinas batidoras[:] - AEROMIX.de","robots":{"index":"index","follow":"follow","max-snippet":"max-snippet:-1","max-image-preview":"max-image-preview:large","max-video-preview":"max-video-preview:-1"},"canonical":"https:\/\/aeromix.de\/pl\/produkte\/ueber-aufschlagmaschinen\/","og_locale":"en_US","og_type":"article","og_title":"[:de]\u00dcber Aufschlagmaschinen[:en]ABOUT WHIPPING MACHINES[:pl]o maszynach napowietrzajacych[:es]Sobre las m\u00e1quinas m\u00e1quinas batidoras[:] - AEROMIX.de","og_description":"&nbsp; Whipping machines (alias aerator, foam producer, foam generator, industrx mixer) manufacture foam for a wide range of different products. The heart of the machine is the mixing head, the \u201ein-line axial flow mixer\u201c. This mixing head consists of a","og_url":"https:\/\/aeromix.de\/pl\/produkte\/ueber-aufschlagmaschinen\/","og_site_name":"AEROMIX.de","article_modified_time":"2017-07-05T08:44:09+00:00","og_image":[{"url":"https:\/\/aeromix.de\/wp-content\/uploads\/2017\/02\/aufschlagmaschinen.png"}],"twitter_card":"summary_large_image","twitter_misc":{"Est. reading time":"3 minutes"},"schema":{"@context":"https:\/\/schema.org","@graph":[{"@type":"WebPage","@id":"https:\/\/aeromix.de\/pl\/produkte\/ueber-aufschlagmaschinen\/","url":"https:\/\/aeromix.de\/pl\/produkte\/ueber-aufschlagmaschinen\/","name":"[:de]\u00dcber Aufschlagmaschinen[:en]ABOUT WHIPPING MACHINES[:pl]o maszynach napowietrzajacych[:es]Sobre las m\u00e1quinas m\u00e1quinas batidoras[:] - AEROMIX.de","isPartOf":{"@id":"https:\/\/aeromix.de\/#website"},"datePublished":"2017-02-16T08:31:02+00:00","dateModified":"2017-07-05T08:44:09+00:00","breadcrumb":{"@id":"https:\/\/aeromix.de\/pl\/produkte\/ueber-aufschlagmaschinen\/#breadcrumb"},"inLanguage":"en-US","potentialAction":[{"@type":"ReadAction","target":["https:\/\/aeromix.de\/pl\/produkte\/ueber-aufschlagmaschinen\/"]}]},{"@type":"BreadcrumbList","@id":"https:\/\/aeromix.de\/pl\/produkte\/ueber-aufschlagmaschinen\/#breadcrumb","itemListElement":[{"@type":"ListItem","position":1,"name":"Startseite","item":"https:\/\/aeromix.de\/"},{"@type":"ListItem","position":2,"name":"Productos","item":"https:\/\/aeromix.de\/es\/produkte\/"},{"@type":"ListItem","position":3,"name":"o maszynach napowietrzajacych"}]},{"@type":"WebSite","@id":"https:\/\/aeromix.de\/#website","url":"https:\/\/aeromix.de\/","name":"AEROMIX.de","description":"Aufschlag-Maschinen seit 1996!","publisher":{"@id":"https:\/\/aeromix.de\/#organization"},"potentialAction":[{"@type":"SearchAction","target":{"@type":"EntryPoint","urlTemplate":"https:\/\/aeromix.de\/?s={search_term_string}"},"query-input":"required name=search_term_string"}],"inLanguage":"en-US"},{"@type":"Organization","@id":"https:\/\/aeromix.de\/#organization","name":"Aeromix GmbH","url":"https:\/\/aeromix.de\/","logo":{"@type":"ImageObject","inLanguage":"en-US","@id":"https:\/\/aeromix.de\/#\/schema\/logo\/image\/","url":"https:\/\/aeromix.de\/wp-content\/uploads\/2017\/02\/cropped-logo_aeromix.png","contentUrl":"https:\/\/aeromix.de\/wp-content\/uploads\/2017\/02\/cropped-logo_aeromix.png","width":506,"height":275,"caption":"Aeromix GmbH"},"image":{"@id":"https:\/\/aeromix.de\/#\/schema\/logo\/image\/"}}]}},"_links":{"self":[{"href":"https:\/\/aeromix.de\/en\/wp-json\/wp\/v2\/pages\/33"}],"collection":[{"href":"https:\/\/aeromix.de\/en\/wp-json\/wp\/v2\/pages"}],"about":[{"href":"https:\/\/aeromix.de\/en\/wp-json\/wp\/v2\/types\/page"}],"author":[{"embeddable":true,"href":"https:\/\/aeromix.de\/en\/wp-json\/wp\/v2\/users\/1"}],"replies":[{"embeddable":true,"href":"https:\/\/aeromix.de\/en\/wp-json\/wp\/v2\/comments?post=33"}],"version-history":[{"count":9,"href":"https:\/\/aeromix.de\/en\/wp-json\/wp\/v2\/pages\/33\/revisions"}],"predecessor-version":[{"id":250,"href":"https:\/\/aeromix.de\/en\/wp-json\/wp\/v2\/pages\/33\/revisions\/250"}],"up":[{"embeddable":true,"href":"https:\/\/aeromix.de\/en\/wp-json\/wp\/v2\/pages\/13"}],"wp:attachment":[{"href":"https:\/\/aeromix.de\/en\/wp-json\/wp\/v2\/media?parent=33"}],"curies":[{"name":"wp","href":"https:\/\/api.w.org\/{rel}","templated":true}]}}