{"id":77,"date":"2017-03-07T13:24:13","date_gmt":"2017-03-07T12:24:13","guid":{"rendered":"http:\/\/cms.aeromix.de\/?page_id=77"},"modified":"2017-07-05T10:39:13","modified_gmt":"2017-07-05T08:39:13","slug":"einsatzgebiete","status":"publish","type":"page","link":"https:\/\/aeromix.de\/en\/einsatzgebiete\/","title":{"rendered":"Areas of applications"},"content":{"rendered":"<p>The application of our machines\u2026<\/p>\n<p>\u2026 in the food industry:<\/p>\n<p>-dairies for whipping yoghurt, cream, cream cheese, pudding, mousse and others<\/p>\n<p>-confectioners and bakeries for whipping and homogenous mixing of biscuit-, viennese- and sand masses, whipping cream<\/p>\n<p>-for the manufacturing of recent products such as salat dressings, mayonnaise, sauces\u2026<\/p>\n<p>-for the coffee production<\/p>\n<p>&nbsp;<\/p>\n<p>\u2026 in the chemical industry:<\/p>\n<p>-for whipping and mixing latex, cream, pastes, adhesives, carpet flooring\u2026<\/p>\n<p>&nbsp;<\/p>\n<p>Additional injection points enable the addition of gelatine or other pumpable compounds.<\/p>","protected":false},"excerpt":{"rendered":"<p>The application of our machines\u2026 \u2026 in the food industry: -dairies for whipping yoghurt, cream, cream cheese, pudding, mousse and others -confectioners and bakeries for whipping and homogenous mixing of biscuit-, viennese- and sand masses, whipping cream -for the manufacturing<\/p>\n","protected":false},"author":1,"featured_media":0,"parent":0,"menu_order":0,"comment_status":"closed","ping_status":"closed","template":"","meta":{"footnotes":""},"yoast_head":"<!-- This site is optimized with the Yoast SEO plugin v21.9 - https:\/\/yoast.com\/wordpress\/plugins\/seo\/ -->\n<title>Areas of applications - AEROMIX.de<\/title>\n<meta name=\"robots\" content=\"index, follow, max-snippet:-1, max-image-preview:large, max-video-preview:-1\" \/>\n<link rel=\"canonical\" href=\"https:\/\/aeromix.de\/einsatzgebiete\/\" \/>\n<meta property=\"og:locale\" content=\"en_US\" \/>\n<meta property=\"og:type\" content=\"article\" \/>\n<meta property=\"og:title\" content=\"[:de]Einsatzgebiete[:en]Areas of applications[:pl]Obszary zastosowa\u0144[:es]\u00c1reas de aplicaci\u00f3n[:] - AEROMIX.de\" \/>\n<meta property=\"og:description\" content=\"The application of our machines\u2026 \u2026 in the food industry: -dairies for whipping yoghurt, cream, cream cheese, pudding, mousse and others -confectioners and bakeries for whipping and homogenous mixing of biscuit-, viennese- and sand masses, whipping cream -for the manufacturing\" \/>\n<meta property=\"og:url\" content=\"https:\/\/aeromix.de\/einsatzgebiete\/\" \/>\n<meta property=\"og:site_name\" content=\"AEROMIX.de\" \/>\n<meta property=\"article:modified_time\" content=\"2017-07-05T08:39:13+00:00\" \/>\n<meta name=\"twitter:card\" content=\"summary_large_image\" \/>\n<meta name=\"twitter:label1\" content=\"Est. reading time\" \/>\n\t<meta name=\"twitter:data1\" content=\"2 minutes\" \/>\n<script type=\"application\/ld+json\" class=\"yoast-schema-graph\">{\"@context\":\"https:\/\/schema.org\",\"@graph\":[{\"@type\":\"WebPage\",\"@id\":\"https:\/\/aeromix.de\/einsatzgebiete\/\",\"url\":\"https:\/\/aeromix.de\/einsatzgebiete\/\",\"name\":\"[:de]Einsatzgebiete[:en]Areas of applications[:pl]Obszary zastosowa\u0144[:es]\u00c1reas de aplicaci\u00f3n[:] - AEROMIX.de\",\"isPartOf\":{\"@id\":\"https:\/\/aeromix.de\/#website\"},\"datePublished\":\"2017-03-07T12:24:13+00:00\",\"dateModified\":\"2017-07-05T08:39:13+00:00\",\"breadcrumb\":{\"@id\":\"https:\/\/aeromix.de\/einsatzgebiete\/#breadcrumb\"},\"inLanguage\":\"en-US\",\"potentialAction\":[{\"@type\":\"ReadAction\",\"target\":[\"https:\/\/aeromix.de\/einsatzgebiete\/\"]}]},{\"@type\":\"BreadcrumbList\",\"@id\":\"https:\/\/aeromix.de\/einsatzgebiete\/#breadcrumb\",\"itemListElement\":[{\"@type\":\"ListItem\",\"position\":1,\"name\":\"Startseite\",\"item\":\"https:\/\/aeromix.de\/\"},{\"@type\":\"ListItem\",\"position\":2,\"name\":\"Einsatzgebiete\"}]},{\"@type\":\"WebSite\",\"@id\":\"https:\/\/aeromix.de\/#website\",\"url\":\"https:\/\/aeromix.de\/\",\"name\":\"AEROMIX.de\",\"description\":\"Aufschlag-Maschinen seit 1996!\",\"publisher\":{\"@id\":\"https:\/\/aeromix.de\/#organization\"},\"potentialAction\":[{\"@type\":\"SearchAction\",\"target\":{\"@type\":\"EntryPoint\",\"urlTemplate\":\"https:\/\/aeromix.de\/?s={search_term_string}\"},\"query-input\":\"required name=search_term_string\"}],\"inLanguage\":\"en-US\"},{\"@type\":\"Organization\",\"@id\":\"https:\/\/aeromix.de\/#organization\",\"name\":\"Aeromix GmbH\",\"url\":\"https:\/\/aeromix.de\/\",\"logo\":{\"@type\":\"ImageObject\",\"inLanguage\":\"en-US\",\"@id\":\"https:\/\/aeromix.de\/#\/schema\/logo\/image\/\",\"url\":\"https:\/\/aeromix.de\/wp-content\/uploads\/2017\/02\/cropped-logo_aeromix.png\",\"contentUrl\":\"https:\/\/aeromix.de\/wp-content\/uploads\/2017\/02\/cropped-logo_aeromix.png\",\"width\":506,\"height\":275,\"caption\":\"Aeromix GmbH\"},\"image\":{\"@id\":\"https:\/\/aeromix.de\/#\/schema\/logo\/image\/\"}}]}<\/script>\n<!-- \/ Yoast SEO plugin. -->","yoast_head_json":{"title":"[:de]Einsatzgebiete[:en]Areas of applications[:pl]Obszary zastosowa\u0144[:es]\u00c1reas de aplicaci\u00f3n[:] - AEROMIX.de","robots":{"index":"index","follow":"follow","max-snippet":"max-snippet:-1","max-image-preview":"max-image-preview:large","max-video-preview":"max-video-preview:-1"},"canonical":"https:\/\/aeromix.de\/einsatzgebiete\/","og_locale":"en_US","og_type":"article","og_title":"[:de]Einsatzgebiete[:en]Areas of applications[:pl]Obszary zastosowa\u0144[:es]\u00c1reas de aplicaci\u00f3n[:] - AEROMIX.de","og_description":"The application of our machines\u2026 \u2026 in the food industry: -dairies for whipping yoghurt, cream, cream cheese, pudding, mousse and others -confectioners and bakeries for whipping and homogenous mixing of biscuit-, viennese- and sand masses, whipping cream -for the manufacturing","og_url":"https:\/\/aeromix.de\/einsatzgebiete\/","og_site_name":"AEROMIX.de","article_modified_time":"2017-07-05T08:39:13+00:00","twitter_card":"summary_large_image","twitter_misc":{"Est. reading time":"2 minutes"},"schema":{"@context":"https:\/\/schema.org","@graph":[{"@type":"WebPage","@id":"https:\/\/aeromix.de\/einsatzgebiete\/","url":"https:\/\/aeromix.de\/einsatzgebiete\/","name":"[:de]Einsatzgebiete[:en]Areas of applications[:pl]Obszary zastosowa\u0144[:es]\u00c1reas de aplicaci\u00f3n[:] - AEROMIX.de","isPartOf":{"@id":"https:\/\/aeromix.de\/#website"},"datePublished":"2017-03-07T12:24:13+00:00","dateModified":"2017-07-05T08:39:13+00:00","breadcrumb":{"@id":"https:\/\/aeromix.de\/einsatzgebiete\/#breadcrumb"},"inLanguage":"en-US","potentialAction":[{"@type":"ReadAction","target":["https:\/\/aeromix.de\/einsatzgebiete\/"]}]},{"@type":"BreadcrumbList","@id":"https:\/\/aeromix.de\/einsatzgebiete\/#breadcrumb","itemListElement":[{"@type":"ListItem","position":1,"name":"Startseite","item":"https:\/\/aeromix.de\/"},{"@type":"ListItem","position":2,"name":"Einsatzgebiete"}]},{"@type":"WebSite","@id":"https:\/\/aeromix.de\/#website","url":"https:\/\/aeromix.de\/","name":"AEROMIX.de","description":"Aufschlag-Maschinen seit 1996!","publisher":{"@id":"https:\/\/aeromix.de\/#organization"},"potentialAction":[{"@type":"SearchAction","target":{"@type":"EntryPoint","urlTemplate":"https:\/\/aeromix.de\/?s={search_term_string}"},"query-input":"required name=search_term_string"}],"inLanguage":"en-US"},{"@type":"Organization","@id":"https:\/\/aeromix.de\/#organization","name":"Aeromix GmbH","url":"https:\/\/aeromix.de\/","logo":{"@type":"ImageObject","inLanguage":"en-US","@id":"https:\/\/aeromix.de\/#\/schema\/logo\/image\/","url":"https:\/\/aeromix.de\/wp-content\/uploads\/2017\/02\/cropped-logo_aeromix.png","contentUrl":"https:\/\/aeromix.de\/wp-content\/uploads\/2017\/02\/cropped-logo_aeromix.png","width":506,"height":275,"caption":"Aeromix GmbH"},"image":{"@id":"https:\/\/aeromix.de\/#\/schema\/logo\/image\/"}}]}},"_links":{"self":[{"href":"https:\/\/aeromix.de\/en\/wp-json\/wp\/v2\/pages\/77"}],"collection":[{"href":"https:\/\/aeromix.de\/en\/wp-json\/wp\/v2\/pages"}],"about":[{"href":"https:\/\/aeromix.de\/en\/wp-json\/wp\/v2\/types\/page"}],"author":[{"embeddable":true,"href":"https:\/\/aeromix.de\/en\/wp-json\/wp\/v2\/users\/1"}],"replies":[{"embeddable":true,"href":"https:\/\/aeromix.de\/en\/wp-json\/wp\/v2\/comments?post=77"}],"version-history":[{"count":8,"href":"https:\/\/aeromix.de\/en\/wp-json\/wp\/v2\/pages\/77\/revisions"}],"predecessor-version":[{"id":244,"href":"https:\/\/aeromix.de\/en\/wp-json\/wp\/v2\/pages\/77\/revisions\/244"}],"wp:attachment":[{"href":"https:\/\/aeromix.de\/en\/wp-json\/wp\/v2\/media?parent=77"}],"curies":[{"name":"wp","href":"https:\/\/api.w.org\/{rel}","templated":true}]}}