{"id":11,"date":"2017-02-16T09:24:36","date_gmt":"2017-02-16T08:24:36","guid":{"rendered":"http:\/\/cms.aeromix.de\/?page_id=11"},"modified":"2017-07-05T10:36:52","modified_gmt":"2017-07-05T08:36:52","slug":"ueber-uns","status":"publish","type":"page","link":"https:\/\/aeromix.de\/es\/ueber-uns\/","title":{"rendered":"Sobre nosotros"},"content":{"rendered":"<p>La empresa AEROMIX GmbH fue fundada en el a\u00f1o 1996 y se ha convertido en uno de los fabricantes l\u00edderes a nivel mundial de m\u00e1quinas batidoras. Nuestros directores son desde 1988 expertos en esta \u00e1rea.<\/p>\n<p>Con la ayuda de nuestros cualificados colaboradores deseamos satisfacer sus necesidades individuales y asesorarle con eficiencia y sostenibilidad sobre el empleo de nuestras m\u00e1quinas<\/p>\n<p>&nbsp;<\/p>\n<p><strong>\u00a1Nuestro objetivo es un cliente satisfecho!<\/strong><\/p>\n<p>Por esta raz\u00f3n le damos especial importancia a la calidad y al desarrollo continuo de nuestros productos y utilizamos exclusivamente materiales de alta calidad para la construcci\u00f3n de nuestras m\u00e1quinas.<\/p>\n<p>&nbsp;<\/p>\n<p>Asimismo ofrecemos y ponemos a su disposici\u00f3n una m\u00e1quina en alquiler para que pueda probar si la m\u00e1quina es compatible con sus productos<\/p>\n<p>&nbsp;<\/p>\n<p><strong>Hechos<\/strong><\/p>\n<p>\u2013 M\u00e1s de 400 proyectos planificados, producidos y puestos en funcionamiento en 20 a\u00f1os<br \/>\n\u2013 Exportados a m\u00e1s de 35 pa\u00edses<br \/>\n\u2013 Proveedor de preferencia con nuestros clientes fijos<br \/>\n\u2013 Entre nuestros clientes se encuentran, entre otros, los grupos de producci\u00f3n de alimentos l\u00edderes a nivel mundial<br \/>\n\u2013 Establecimiento en el mercado gracias a prestaciones y servicios extraordinarios<br \/>\n\u2013 Los representantes en el extranjero le garantizan un interlocutor \u00abin situ\u00bb<br \/>\n\u2013 Entre nuestros clientes se encuentran las empresas l\u00edderes a nivel internacional:<\/p>\n<p>&nbsp;<\/p>\n<p>\u2013 Arla Foods, Bakery &amp; Food, Bongrain, Dr. Oetker, Frischli, Nestl\u00e9 \u2026.<\/p>\n<p>&nbsp;<\/p>","protected":false},"excerpt":{"rendered":"<p>La empresa AEROMIX GmbH fue fundada en el a\u00f1o 1996 y se ha convertido en uno de los fabricantes l\u00edderes a nivel mundial de m\u00e1quinas batidoras. Nuestros directores son desde 1988 expertos en esta \u00e1rea. Con la ayuda de nuestros<\/p>\n","protected":false},"author":1,"featured_media":0,"parent":0,"menu_order":0,"comment_status":"closed","ping_status":"closed","template":"","meta":{"footnotes":""},"yoast_head":"<!-- This site is optimized with the Yoast SEO plugin v21.9 - https:\/\/yoast.com\/wordpress\/plugins\/seo\/ -->\n<title>Sobre nosotros - AEROMIX.de<\/title>\n<meta name=\"robots\" content=\"index, follow, max-snippet:-1, max-image-preview:large, max-video-preview:-1\" \/>\n<link rel=\"canonical\" href=\"https:\/\/aeromix.de\/pl\/ueber-uns\/\" \/>\n<meta property=\"og:locale\" content=\"es_ES\" \/>\n<meta property=\"og:type\" content=\"article\" \/>\n<meta property=\"og:title\" content=\"[:de]\u00dcber Uns[:en]About Us[:pl]O NAS[:es]Sobre nosotros[:] - AEROMIX.de\" \/>\n<meta property=\"og:description\" content=\"La empresa AEROMIX GmbH fue fundada en el a\u00f1o 1996 y se ha convertido en uno de los fabricantes l\u00edderes a nivel mundial de m\u00e1quinas batidoras. Nuestros directores son desde 1988 expertos en esta \u00e1rea. Con la ayuda de nuestros\" \/>\n<meta property=\"og:url\" content=\"https:\/\/aeromix.de\/pl\/ueber-uns\/\" \/>\n<meta property=\"og:site_name\" content=\"AEROMIX.de\" \/>\n<meta property=\"article:modified_time\" content=\"2017-07-05T08:36:52+00:00\" \/>\n<meta name=\"twitter:card\" content=\"summary_large_image\" \/>\n<meta name=\"twitter:label1\" content=\"Tiempo de lectura\" \/>\n\t<meta name=\"twitter:data1\" content=\"4 minutos\" \/>\n<script type=\"application\/ld+json\" class=\"yoast-schema-graph\">{\"@context\":\"https:\/\/schema.org\",\"@graph\":[{\"@type\":\"WebPage\",\"@id\":\"https:\/\/aeromix.de\/pl\/ueber-uns\/\",\"url\":\"https:\/\/aeromix.de\/pl\/ueber-uns\/\",\"name\":\"[:de]\u00dcber Uns[:en]About Us[:pl]O NAS[:es]Sobre nosotros[:] - AEROMIX.de\",\"isPartOf\":{\"@id\":\"https:\/\/aeromix.de\/#website\"},\"datePublished\":\"2017-02-16T08:24:36+00:00\",\"dateModified\":\"2017-07-05T08:36:52+00:00\",\"breadcrumb\":{\"@id\":\"https:\/\/aeromix.de\/pl\/ueber-uns\/#breadcrumb\"},\"inLanguage\":\"es\",\"potentialAction\":[{\"@type\":\"ReadAction\",\"target\":[\"https:\/\/aeromix.de\/pl\/ueber-uns\/\"]}]},{\"@type\":\"BreadcrumbList\",\"@id\":\"https:\/\/aeromix.de\/pl\/ueber-uns\/#breadcrumb\",\"itemListElement\":[{\"@type\":\"ListItem\",\"position\":1,\"name\":\"Startseite\",\"item\":\"https:\/\/aeromix.de\/\"},{\"@type\":\"ListItem\",\"position\":2,\"name\":\"O NAS\"}]},{\"@type\":\"WebSite\",\"@id\":\"https:\/\/aeromix.de\/#website\",\"url\":\"https:\/\/aeromix.de\/\",\"name\":\"AEROMIX.de\",\"description\":\"Aufschlag-Maschinen seit 1996!\",\"publisher\":{\"@id\":\"https:\/\/aeromix.de\/#organization\"},\"potentialAction\":[{\"@type\":\"SearchAction\",\"target\":{\"@type\":\"EntryPoint\",\"urlTemplate\":\"https:\/\/aeromix.de\/?s={search_term_string}\"},\"query-input\":\"required name=search_term_string\"}],\"inLanguage\":\"es\"},{\"@type\":\"Organization\",\"@id\":\"https:\/\/aeromix.de\/#organization\",\"name\":\"Aeromix GmbH\",\"url\":\"https:\/\/aeromix.de\/\",\"logo\":{\"@type\":\"ImageObject\",\"inLanguage\":\"es\",\"@id\":\"https:\/\/aeromix.de\/#\/schema\/logo\/image\/\",\"url\":\"https:\/\/aeromix.de\/wp-content\/uploads\/2017\/02\/cropped-logo_aeromix.png\",\"contentUrl\":\"https:\/\/aeromix.de\/wp-content\/uploads\/2017\/02\/cropped-logo_aeromix.png\",\"width\":506,\"height\":275,\"caption\":\"Aeromix GmbH\"},\"image\":{\"@id\":\"https:\/\/aeromix.de\/#\/schema\/logo\/image\/\"}}]}<\/script>\n<!-- \/ Yoast SEO plugin. -->","yoast_head_json":{"title":"[:de]\u00dcber Uns[:en]About Us[:pl]O NAS[:es]Sobre nosotros[:] - AEROMIX.de","robots":{"index":"index","follow":"follow","max-snippet":"max-snippet:-1","max-image-preview":"max-image-preview:large","max-video-preview":"max-video-preview:-1"},"canonical":"https:\/\/aeromix.de\/pl\/ueber-uns\/","og_locale":"es_ES","og_type":"article","og_title":"[:de]\u00dcber Uns[:en]About Us[:pl]O NAS[:es]Sobre nosotros[:] - AEROMIX.de","og_description":"La empresa AEROMIX GmbH fue fundada en el a\u00f1o 1996 y se ha convertido en uno de los fabricantes l\u00edderes a nivel mundial de m\u00e1quinas batidoras. Nuestros directores son desde 1988 expertos en esta \u00e1rea. Con la ayuda de nuestros","og_url":"https:\/\/aeromix.de\/pl\/ueber-uns\/","og_site_name":"AEROMIX.de","article_modified_time":"2017-07-05T08:36:52+00:00","twitter_card":"summary_large_image","twitter_misc":{"Tiempo de lectura":"4 minutos"},"schema":{"@context":"https:\/\/schema.org","@graph":[{"@type":"WebPage","@id":"https:\/\/aeromix.de\/pl\/ueber-uns\/","url":"https:\/\/aeromix.de\/pl\/ueber-uns\/","name":"[:de]\u00dcber Uns[:en]About Us[:pl]O NAS[:es]Sobre nosotros[:] - AEROMIX.de","isPartOf":{"@id":"https:\/\/aeromix.de\/#website"},"datePublished":"2017-02-16T08:24:36+00:00","dateModified":"2017-07-05T08:36:52+00:00","breadcrumb":{"@id":"https:\/\/aeromix.de\/pl\/ueber-uns\/#breadcrumb"},"inLanguage":"es","potentialAction":[{"@type":"ReadAction","target":["https:\/\/aeromix.de\/pl\/ueber-uns\/"]}]},{"@type":"BreadcrumbList","@id":"https:\/\/aeromix.de\/pl\/ueber-uns\/#breadcrumb","itemListElement":[{"@type":"ListItem","position":1,"name":"Startseite","item":"https:\/\/aeromix.de\/"},{"@type":"ListItem","position":2,"name":"O NAS"}]},{"@type":"WebSite","@id":"https:\/\/aeromix.de\/#website","url":"https:\/\/aeromix.de\/","name":"AEROMIX.de","description":"Aufschlag-Maschinen seit 1996!","publisher":{"@id":"https:\/\/aeromix.de\/#organization"},"potentialAction":[{"@type":"SearchAction","target":{"@type":"EntryPoint","urlTemplate":"https:\/\/aeromix.de\/?s={search_term_string}"},"query-input":"required name=search_term_string"}],"inLanguage":"es"},{"@type":"Organization","@id":"https:\/\/aeromix.de\/#organization","name":"Aeromix GmbH","url":"https:\/\/aeromix.de\/","logo":{"@type":"ImageObject","inLanguage":"es","@id":"https:\/\/aeromix.de\/#\/schema\/logo\/image\/","url":"https:\/\/aeromix.de\/wp-content\/uploads\/2017\/02\/cropped-logo_aeromix.png","contentUrl":"https:\/\/aeromix.de\/wp-content\/uploads\/2017\/02\/cropped-logo_aeromix.png","width":506,"height":275,"caption":"Aeromix GmbH"},"image":{"@id":"https:\/\/aeromix.de\/#\/schema\/logo\/image\/"}}]}},"_links":{"self":[{"href":"https:\/\/aeromix.de\/es\/wp-json\/wp\/v2\/pages\/11"}],"collection":[{"href":"https:\/\/aeromix.de\/es\/wp-json\/wp\/v2\/pages"}],"about":[{"href":"https:\/\/aeromix.de\/es\/wp-json\/wp\/v2\/types\/page"}],"author":[{"embeddable":true,"href":"https:\/\/aeromix.de\/es\/wp-json\/wp\/v2\/users\/1"}],"replies":[{"embeddable":true,"href":"https:\/\/aeromix.de\/es\/wp-json\/wp\/v2\/comments?post=11"}],"version-history":[{"count":15,"href":"https:\/\/aeromix.de\/es\/wp-json\/wp\/v2\/pages\/11\/revisions"}],"predecessor-version":[{"id":241,"href":"https:\/\/aeromix.de\/es\/wp-json\/wp\/v2\/pages\/11\/revisions\/241"}],"wp:attachment":[{"href":"https:\/\/aeromix.de\/es\/wp-json\/wp\/v2\/media?parent=11"}],"curies":[{"name":"wp","href":"https:\/\/api.w.org\/{rel}","templated":true}]}}