{"id":25,"date":"2017-02-16T09:30:11","date_gmt":"2017-02-16T08:30:11","guid":{"rendered":"http:\/\/cms.aeromix.de\/?page_id=25"},"modified":"2017-07-05T10:46:29","modified_gmt":"2017-07-05T08:46:29","slug":"mischkoepfe","status":"publish","type":"page","link":"https:\/\/aeromix.de\/es\/produkte\/mischkoepfe\/","title":{"rendered":"Cabezales de mezcla"},"content":{"rendered":"<p><strong>\u00a0<a href=\"https:\/\/aeromix.de\/wp-content\/uploads\/2017\/02\/koepfe.jpg\"><img loading=\"lazy\" decoding=\"async\" class=\"size-medium wp-image-47 alignright\" src=\"https:\/\/aeromix.de\/wp-content\/uploads\/2017\/02\/koepfe-500x376.jpg\" alt=\"\" width=\"500\" height=\"376\" srcset=\"https:\/\/aeromix.de\/wp-content\/uploads\/2017\/02\/koepfe-500x376.jpg 500w, https:\/\/aeromix.de\/wp-content\/uploads\/2017\/02\/koepfe.jpg 531w\" sizes=\"(max-width: 500px) 100vw, 500px\" \/><\/a><\/strong>Acero inoxidable resistente a los \u00e1cidos 1.4571, 316Ti, las piezas en contacto con el producto est\u00e1n pulidas electrol\u00edticamente<\/p>\n<p>Ret\u00e9n frontal de doble acci\u00f3n<\/p>\n<p>Con barras de tracci\u00f3n atornilladas para la seguridad en altas presiones<\/p>\n<p>Los cabezales de mezcla son f\u00e1ciles de cambiar<\/p>\n<p>Diversos cabezales de mezcla para todos los requisitos de producci\u00f3n<\/p>\n<p><strong>\u00a0<\/strong><\/p>\n<p><strong>Tama\u00f1os de los cabezales de mezcla:<\/strong><\/p>\n<p><strong>\u00a0<\/strong><\/p>\n<p><strong>Cabezal de mezcla tipo AERO 0.12 \/<\/strong><strong>\u00a0<\/strong>228 pernos cuadrados<\/p>\n<p>Para escuelas t\u00e9cnicas y peque\u00f1as producciones de 20 a 120 l\/h (en funci\u00f3n al producto)<\/p>\n<p><strong>Cabezal de mezcla tipo AERO 0.5 \/<\/strong><strong>\u00a0<\/strong>552 pernos cuadrados<\/p>\n<p>Para escuelas t\u00e9cnicas y peque\u00f1as producciones de 50 a 500 l\/h (en funci\u00f3n al producto)<\/p>\n<p><strong>\u00a0<\/strong><\/p>\n<p><strong>Cabezal de mezcla tipo AERO 1.5 \/<\/strong><strong>\u00a0<\/strong>864 pernos cuadrados<\/p>\n<p>Para producciones de hasta 1.500 l\/h (en funci\u00f3n al producto)<\/p>\n<p><strong>Cabezal de mezcla tipo AERO 4.0 \/<\/strong><strong>\u00a0<\/strong>1368 pernos cuadrados<\/p>\n<p>Para producciones de hasta 4.000 l\/h (en funci\u00f3n al producto)<\/p>\n<p>&nbsp;<\/p>\n<p><strong>Cabezal de mezcla tipo AERO 1.0 masivo \/<\/strong><strong>\u00a0<\/strong>570 pernos fresados<\/p>\n<p>Para producciones de hasta 1.000 l\/h (en funci\u00f3n al producto)<\/p>\n<p><strong>\u00a0Cabezal de mezcla tipo AERO 4.0 masivo \/<\/strong><strong>\u00a0<\/strong>870 pernos fresados<\/p>\n<p>Para producciones de hasta 1.500 l\/h (en funci\u00f3n al producto)<\/p>\n<p>&nbsp;<\/p>\n<p>&nbsp;<\/p>\n<p>&nbsp;<\/p>\n<p>&nbsp;<\/p>\n<p>&nbsp;<\/p>\n<p>&nbsp;<\/p>\n<p>&nbsp;<\/p>\n<p>&nbsp;<\/p>\n<p>&nbsp;<\/p>\n<p>&nbsp;<\/p>","protected":false},"excerpt":{"rendered":"<p>\u00a0Acero inoxidable resistente a los \u00e1cidos 1.4571, 316Ti, las piezas en contacto con el producto est\u00e1n pulidas electrol\u00edticamente Ret\u00e9n frontal de doble acci\u00f3n Con barras de tracci\u00f3n atornilladas para la seguridad en altas presiones Los cabezales de mezcla son f\u00e1ciles<\/p>\n","protected":false},"author":1,"featured_media":0,"parent":13,"menu_order":0,"comment_status":"closed","ping_status":"closed","template":"","meta":{"footnotes":""},"yoast_head":"<!-- This site is optimized with the Yoast SEO plugin v21.9 - https:\/\/yoast.com\/wordpress\/plugins\/seo\/ -->\n<title>Cabezales de mezcla - AEROMIX.de<\/title>\n<meta name=\"robots\" content=\"index, follow, max-snippet:-1, max-image-preview:large, max-video-preview:-1\" \/>\n<link rel=\"canonical\" href=\"https:\/\/aeromix.de\/pl\/produkte\/mischkoepfe\/\" \/>\n<meta property=\"og:locale\" content=\"es_ES\" \/>\n<meta property=\"og:type\" content=\"article\" \/>\n<meta property=\"og:title\" content=\"[:de]Mischk\u00f6pfe[:en]MIXING HEADS[:pl]G\u0142owice mieszaj\u0105ce[:es]Cabezales de mezcla[:] - AEROMIX.de\" \/>\n<meta property=\"og:description\" content=\"\u00a0Acero inoxidable resistente a los \u00e1cidos 1.4571, 316Ti, las piezas en contacto con el producto est\u00e1n pulidas electrol\u00edticamente Ret\u00e9n frontal de doble acci\u00f3n Con barras de tracci\u00f3n atornilladas para la seguridad en altas presiones Los cabezales de mezcla son f\u00e1ciles\" \/>\n<meta property=\"og:url\" content=\"https:\/\/aeromix.de\/pl\/produkte\/mischkoepfe\/\" \/>\n<meta property=\"og:site_name\" content=\"AEROMIX.de\" \/>\n<meta property=\"article:modified_time\" content=\"2017-07-05T08:46:29+00:00\" \/>\n<meta property=\"og:image\" content=\"https:\/\/aeromix.de\/wp-content\/uploads\/2017\/02\/koepfe-500x376.jpg\" \/>\n<meta name=\"twitter:card\" content=\"summary_large_image\" \/>\n<meta name=\"twitter:label1\" content=\"Tiempo de lectura\" \/>\n\t<meta name=\"twitter:data1\" content=\"3 minutos\" \/>\n<script type=\"application\/ld+json\" class=\"yoast-schema-graph\">{\"@context\":\"https:\/\/schema.org\",\"@graph\":[{\"@type\":\"WebPage\",\"@id\":\"https:\/\/aeromix.de\/pl\/produkte\/mischkoepfe\/\",\"url\":\"https:\/\/aeromix.de\/pl\/produkte\/mischkoepfe\/\",\"name\":\"[:de]Mischk\u00f6pfe[:en]MIXING HEADS[:pl]G\u0142owice mieszaj\u0105ce[:es]Cabezales de mezcla[:] - AEROMIX.de\",\"isPartOf\":{\"@id\":\"https:\/\/aeromix.de\/#website\"},\"datePublished\":\"2017-02-16T08:30:11+00:00\",\"dateModified\":\"2017-07-05T08:46:29+00:00\",\"breadcrumb\":{\"@id\":\"https:\/\/aeromix.de\/pl\/produkte\/mischkoepfe\/#breadcrumb\"},\"inLanguage\":\"es\",\"potentialAction\":[{\"@type\":\"ReadAction\",\"target\":[\"https:\/\/aeromix.de\/pl\/produkte\/mischkoepfe\/\"]}]},{\"@type\":\"BreadcrumbList\",\"@id\":\"https:\/\/aeromix.de\/pl\/produkte\/mischkoepfe\/#breadcrumb\",\"itemListElement\":[{\"@type\":\"ListItem\",\"position\":1,\"name\":\"Startseite\",\"item\":\"https:\/\/aeromix.de\/\"},{\"@type\":\"ListItem\",\"position\":2,\"name\":\"Productos\",\"item\":\"https:\/\/aeromix.de\/es\/produkte\/\"},{\"@type\":\"ListItem\",\"position\":3,\"name\":\"G\u0142owice mieszaj\u0105ce\"}]},{\"@type\":\"WebSite\",\"@id\":\"https:\/\/aeromix.de\/#website\",\"url\":\"https:\/\/aeromix.de\/\",\"name\":\"AEROMIX.de\",\"description\":\"Aufschlag-Maschinen seit 1996!\",\"publisher\":{\"@id\":\"https:\/\/aeromix.de\/#organization\"},\"potentialAction\":[{\"@type\":\"SearchAction\",\"target\":{\"@type\":\"EntryPoint\",\"urlTemplate\":\"https:\/\/aeromix.de\/?s={search_term_string}\"},\"query-input\":\"required name=search_term_string\"}],\"inLanguage\":\"es\"},{\"@type\":\"Organization\",\"@id\":\"https:\/\/aeromix.de\/#organization\",\"name\":\"Aeromix GmbH\",\"url\":\"https:\/\/aeromix.de\/\",\"logo\":{\"@type\":\"ImageObject\",\"inLanguage\":\"es\",\"@id\":\"https:\/\/aeromix.de\/#\/schema\/logo\/image\/\",\"url\":\"https:\/\/aeromix.de\/wp-content\/uploads\/2017\/02\/cropped-logo_aeromix.png\",\"contentUrl\":\"https:\/\/aeromix.de\/wp-content\/uploads\/2017\/02\/cropped-logo_aeromix.png\",\"width\":506,\"height\":275,\"caption\":\"Aeromix GmbH\"},\"image\":{\"@id\":\"https:\/\/aeromix.de\/#\/schema\/logo\/image\/\"}}]}<\/script>\n<!-- \/ Yoast SEO plugin. -->","yoast_head_json":{"title":"[:de]Mischk\u00f6pfe[:en]MIXING HEADS[:pl]G\u0142owice mieszaj\u0105ce[:es]Cabezales de mezcla[:] - AEROMIX.de","robots":{"index":"index","follow":"follow","max-snippet":"max-snippet:-1","max-image-preview":"max-image-preview:large","max-video-preview":"max-video-preview:-1"},"canonical":"https:\/\/aeromix.de\/pl\/produkte\/mischkoepfe\/","og_locale":"es_ES","og_type":"article","og_title":"[:de]Mischk\u00f6pfe[:en]MIXING HEADS[:pl]G\u0142owice mieszaj\u0105ce[:es]Cabezales de mezcla[:] - AEROMIX.de","og_description":"\u00a0Acero inoxidable resistente a los \u00e1cidos 1.4571, 316Ti, las piezas en contacto con el producto est\u00e1n pulidas electrol\u00edticamente Ret\u00e9n frontal de doble acci\u00f3n Con barras de tracci\u00f3n atornilladas para la seguridad en altas presiones Los cabezales de mezcla son f\u00e1ciles","og_url":"https:\/\/aeromix.de\/pl\/produkte\/mischkoepfe\/","og_site_name":"AEROMIX.de","article_modified_time":"2017-07-05T08:46:29+00:00","og_image":[{"url":"https:\/\/aeromix.de\/wp-content\/uploads\/2017\/02\/koepfe-500x376.jpg"}],"twitter_card":"summary_large_image","twitter_misc":{"Tiempo de lectura":"3 minutos"},"schema":{"@context":"https:\/\/schema.org","@graph":[{"@type":"WebPage","@id":"https:\/\/aeromix.de\/pl\/produkte\/mischkoepfe\/","url":"https:\/\/aeromix.de\/pl\/produkte\/mischkoepfe\/","name":"[:de]Mischk\u00f6pfe[:en]MIXING HEADS[:pl]G\u0142owice mieszaj\u0105ce[:es]Cabezales de mezcla[:] - AEROMIX.de","isPartOf":{"@id":"https:\/\/aeromix.de\/#website"},"datePublished":"2017-02-16T08:30:11+00:00","dateModified":"2017-07-05T08:46:29+00:00","breadcrumb":{"@id":"https:\/\/aeromix.de\/pl\/produkte\/mischkoepfe\/#breadcrumb"},"inLanguage":"es","potentialAction":[{"@type":"ReadAction","target":["https:\/\/aeromix.de\/pl\/produkte\/mischkoepfe\/"]}]},{"@type":"BreadcrumbList","@id":"https:\/\/aeromix.de\/pl\/produkte\/mischkoepfe\/#breadcrumb","itemListElement":[{"@type":"ListItem","position":1,"name":"Startseite","item":"https:\/\/aeromix.de\/"},{"@type":"ListItem","position":2,"name":"Productos","item":"https:\/\/aeromix.de\/es\/produkte\/"},{"@type":"ListItem","position":3,"name":"G\u0142owice mieszaj\u0105ce"}]},{"@type":"WebSite","@id":"https:\/\/aeromix.de\/#website","url":"https:\/\/aeromix.de\/","name":"AEROMIX.de","description":"Aufschlag-Maschinen seit 1996!","publisher":{"@id":"https:\/\/aeromix.de\/#organization"},"potentialAction":[{"@type":"SearchAction","target":{"@type":"EntryPoint","urlTemplate":"https:\/\/aeromix.de\/?s={search_term_string}"},"query-input":"required name=search_term_string"}],"inLanguage":"es"},{"@type":"Organization","@id":"https:\/\/aeromix.de\/#organization","name":"Aeromix GmbH","url":"https:\/\/aeromix.de\/","logo":{"@type":"ImageObject","inLanguage":"es","@id":"https:\/\/aeromix.de\/#\/schema\/logo\/image\/","url":"https:\/\/aeromix.de\/wp-content\/uploads\/2017\/02\/cropped-logo_aeromix.png","contentUrl":"https:\/\/aeromix.de\/wp-content\/uploads\/2017\/02\/cropped-logo_aeromix.png","width":506,"height":275,"caption":"Aeromix GmbH"},"image":{"@id":"https:\/\/aeromix.de\/#\/schema\/logo\/image\/"}}]}},"_links":{"self":[{"href":"https:\/\/aeromix.de\/es\/wp-json\/wp\/v2\/pages\/25"}],"collection":[{"href":"https:\/\/aeromix.de\/es\/wp-json\/wp\/v2\/pages"}],"about":[{"href":"https:\/\/aeromix.de\/es\/wp-json\/wp\/v2\/types\/page"}],"author":[{"embeddable":true,"href":"https:\/\/aeromix.de\/es\/wp-json\/wp\/v2\/users\/1"}],"replies":[{"embeddable":true,"href":"https:\/\/aeromix.de\/es\/wp-json\/wp\/v2\/comments?post=25"}],"version-history":[{"count":8,"href":"https:\/\/aeromix.de\/es\/wp-json\/wp\/v2\/pages\/25\/revisions"}],"predecessor-version":[{"id":253,"href":"https:\/\/aeromix.de\/es\/wp-json\/wp\/v2\/pages\/25\/revisions\/253"}],"up":[{"embeddable":true,"href":"https:\/\/aeromix.de\/es\/wp-json\/wp\/v2\/pages\/13"}],"wp:attachment":[{"href":"https:\/\/aeromix.de\/es\/wp-json\/wp\/v2\/media?parent=25"}],"curies":[{"name":"wp","href":"https:\/\/api.w.org\/{rel}","templated":true}]}}