{"id":27,"date":"2017-02-16T09:30:25","date_gmt":"2017-02-16T08:30:25","guid":{"rendered":"http:\/\/cms.aeromix.de\/?page_id=27"},"modified":"2017-07-05T10:51:06","modified_gmt":"2017-07-05T08:51:06","slug":"aero012vbis05v","status":"publish","type":"page","link":"https:\/\/aeromix.de\/es\/produkte\/aero012vbis05v\/","title":{"rendered":"AERO 0.12 V bis 0.5 V"},"content":{"rendered":"<p>Nuestra versi\u00f3n compacta est\u00e1 lista de forma inmediata para el funcionamiento<br \/>\n<a href=\"https:\/\/aeromix.de\/wp-content\/uploads\/2017\/02\/05V-compact-07-31_01_17.jpg\"><img loading=\"lazy\" decoding=\"async\" class=\"alignright wp-image-212\" src=\"https:\/\/aeromix.de\/wp-content\/uploads\/2017\/02\/05V-compact-07-31_01_17-683x1024.jpg\" alt=\"\" width=\"367\" height=\"550\" srcset=\"https:\/\/aeromix.de\/wp-content\/uploads\/2017\/02\/05V-compact-07-31_01_17-683x1024.jpg 683w, https:\/\/aeromix.de\/wp-content\/uploads\/2017\/02\/05V-compact-07-31_01_17-333x500.jpg 333w, https:\/\/aeromix.de\/wp-content\/uploads\/2017\/02\/05V-compact-07-31_01_17-768x1152.jpg 768w\" sizes=\"(max-width: 367px) 100vw, 367px\" \/><\/a><\/p>\n<p>Sobre un bastidor de acero inoxidable con ruedas<\/p>\n<p>Barandilla para la protecci\u00f3n de los componentes de la m\u00e1quina<\/p>\n<p>Bomba de producto con tolva<\/p>\n<p>Bomba de limpieza integrada durante el cambio de producto<\/p>\n<p>o en la limpieza final<\/p>\n<p>El cuadro de distribuci\u00f3n puede plegarse para el transporte<\/p>\n<p>&nbsp;<\/p>\n<p>Sistemas de medici\u00f3n para el control de impacto:<\/p>\n<p>Control de flujo de producto, presi\u00f3n de producto y temperatura<\/p>\n<p>&nbsp;<\/p>\n<p>&nbsp;<\/p>\n<p>&nbsp;<\/p>\n<p>&nbsp;<\/p>\n<p>&nbsp;<\/p>\n<p><a href=\"https:\/\/aeromix.de\/wp-content\/uploads\/2017\/02\/simatic.png\"><img loading=\"lazy\" decoding=\"async\" class=\"size-full wp-image-173 alignleft\" src=\"https:\/\/aeromix.de\/wp-content\/uploads\/2017\/02\/simatic.png\" alt=\"\" width=\"139\" height=\"179\" \/><\/a><\/p>\n<p>&nbsp;<\/p>\n<p>Control Siemens SIMATIC<br \/>\nDosificaci\u00f3n electr\u00f3nica de nitr\u00f3geno<br \/>\nControl electr\u00f3nico del regulador de contrapresi\u00f3n<\/p>\n<p>&nbsp;<\/p>\n<p>&nbsp;<\/p>\n<p>&nbsp;<\/p>\n<p>Componentes descentralizados que se fabrican a solicitud del cliente.<\/p>\n<p><a href=\"https:\/\/aeromix.de\/wp-content\/uploads\/2017\/02\/1-4_2.png\"><img loading=\"lazy\" decoding=\"async\" class=\"alignnone size-full wp-image-174\" src=\"https:\/\/aeromix.de\/wp-content\/uploads\/2017\/02\/1-4_2.png\" alt=\"\" width=\"108\" height=\"110\" \/><\/a>\u00a0 \u00a0 \u00a0\u00a0<a href=\"https:\/\/aeromix.de\/wp-content\/uploads\/2017\/02\/1-4_1.png\"><img loading=\"lazy\" decoding=\"async\" class=\"alignnone size-full wp-image-176\" src=\"https:\/\/aeromix.de\/wp-content\/uploads\/2017\/02\/1-4_1.png\" alt=\"\" width=\"202\" height=\"130\" \/><\/a><\/p>\n<p>&nbsp;<\/p>\n<p>Unidad de control en dise\u00f1o HD \u00a0 \u00a0 \u00a0<a href=\"https:\/\/aeromix.de\/wp-content\/uploads\/2017\/02\/1-4_3.png\"><img loading=\"lazy\" decoding=\"async\" class=\"alignnone size-full wp-image-177\" src=\"https:\/\/aeromix.de\/wp-content\/uploads\/2017\/02\/1-4_3.png\" alt=\"\" width=\"123\" height=\"115\" \/><\/a><\/p>","protected":false},"excerpt":{"rendered":"<p>Nuestra versi\u00f3n compacta est\u00e1 lista de forma inmediata para el funcionamiento Sobre un bastidor de acero inoxidable con ruedas Barandilla para la protecci\u00f3n de los componentes de la m\u00e1quina Bomba de producto con tolva Bomba de limpieza integrada durante el<\/p>\n","protected":false},"author":1,"featured_media":0,"parent":13,"menu_order":0,"comment_status":"closed","ping_status":"closed","template":"","meta":{"footnotes":""},"yoast_head":"<!-- This site is optimized with the Yoast SEO plugin v21.9 - https:\/\/yoast.com\/wordpress\/plugins\/seo\/ -->\n<title>AERO 0.12 V bis 0.5 V - AEROMIX.de<\/title>\n<meta name=\"robots\" content=\"index, follow, max-snippet:-1, max-image-preview:large, max-video-preview:-1\" \/>\n<link rel=\"canonical\" href=\"https:\/\/aeromix.de\/produkte\/aero012vbis05v\/\" \/>\n<meta property=\"og:locale\" content=\"es_ES\" \/>\n<meta property=\"og:type\" content=\"article\" \/>\n<meta property=\"og:title\" content=\"AERO 0.12 V bis 0.5 V - AEROMIX.de\" \/>\n<meta property=\"og:description\" content=\"Nuestra versi\u00f3n compacta est\u00e1 lista de forma inmediata para el funcionamiento Sobre un bastidor de acero inoxidable con ruedas Barandilla para la protecci\u00f3n de los componentes de la m\u00e1quina Bomba de producto con tolva Bomba de limpieza integrada durante el\" \/>\n<meta property=\"og:url\" content=\"https:\/\/aeromix.de\/produkte\/aero012vbis05v\/\" \/>\n<meta property=\"og:site_name\" content=\"AEROMIX.de\" \/>\n<meta property=\"article:modified_time\" content=\"2017-07-05T08:51:06+00:00\" \/>\n<meta property=\"og:image\" content=\"https:\/\/aeromix.de\/wp-content\/uploads\/2017\/02\/05V-compact-07-31_01_17-683x1024.jpg\" \/>\n<meta name=\"twitter:card\" content=\"summary_large_image\" \/>\n<meta name=\"twitter:label1\" content=\"Tiempo de lectura\" \/>\n\t<meta name=\"twitter:data1\" content=\"2 minutos\" \/>\n<script type=\"application\/ld+json\" class=\"yoast-schema-graph\">{\"@context\":\"https:\/\/schema.org\",\"@graph\":[{\"@type\":\"WebPage\",\"@id\":\"https:\/\/aeromix.de\/produkte\/aero012vbis05v\/\",\"url\":\"https:\/\/aeromix.de\/produkte\/aero012vbis05v\/\",\"name\":\"AERO 0.12 V bis 0.5 V - AEROMIX.de\",\"isPartOf\":{\"@id\":\"https:\/\/aeromix.de\/#website\"},\"datePublished\":\"2017-02-16T08:30:25+00:00\",\"dateModified\":\"2017-07-05T08:51:06+00:00\",\"breadcrumb\":{\"@id\":\"https:\/\/aeromix.de\/produkte\/aero012vbis05v\/#breadcrumb\"},\"inLanguage\":\"es\",\"potentialAction\":[{\"@type\":\"ReadAction\",\"target\":[\"https:\/\/aeromix.de\/produkte\/aero012vbis05v\/\"]}]},{\"@type\":\"BreadcrumbList\",\"@id\":\"https:\/\/aeromix.de\/produkte\/aero012vbis05v\/#breadcrumb\",\"itemListElement\":[{\"@type\":\"ListItem\",\"position\":1,\"name\":\"Startseite\",\"item\":\"https:\/\/aeromix.de\/\"},{\"@type\":\"ListItem\",\"position\":2,\"name\":\"Productos\",\"item\":\"https:\/\/aeromix.de\/es\/produkte\/\"},{\"@type\":\"ListItem\",\"position\":3,\"name\":\"AERO 0.12 V bis 0.5 V\"}]},{\"@type\":\"WebSite\",\"@id\":\"https:\/\/aeromix.de\/#website\",\"url\":\"https:\/\/aeromix.de\/\",\"name\":\"AEROMIX.de\",\"description\":\"Aufschlag-Maschinen seit 1996!\",\"publisher\":{\"@id\":\"https:\/\/aeromix.de\/#organization\"},\"potentialAction\":[{\"@type\":\"SearchAction\",\"target\":{\"@type\":\"EntryPoint\",\"urlTemplate\":\"https:\/\/aeromix.de\/?s={search_term_string}\"},\"query-input\":\"required name=search_term_string\"}],\"inLanguage\":\"es\"},{\"@type\":\"Organization\",\"@id\":\"https:\/\/aeromix.de\/#organization\",\"name\":\"Aeromix GmbH\",\"url\":\"https:\/\/aeromix.de\/\",\"logo\":{\"@type\":\"ImageObject\",\"inLanguage\":\"es\",\"@id\":\"https:\/\/aeromix.de\/#\/schema\/logo\/image\/\",\"url\":\"https:\/\/aeromix.de\/wp-content\/uploads\/2017\/02\/cropped-logo_aeromix.png\",\"contentUrl\":\"https:\/\/aeromix.de\/wp-content\/uploads\/2017\/02\/cropped-logo_aeromix.png\",\"width\":506,\"height\":275,\"caption\":\"Aeromix GmbH\"},\"image\":{\"@id\":\"https:\/\/aeromix.de\/#\/schema\/logo\/image\/\"}}]}<\/script>\n<!-- \/ Yoast SEO plugin. -->","yoast_head_json":{"title":"AERO 0.12 V bis 0.5 V - AEROMIX.de","robots":{"index":"index","follow":"follow","max-snippet":"max-snippet:-1","max-image-preview":"max-image-preview:large","max-video-preview":"max-video-preview:-1"},"canonical":"https:\/\/aeromix.de\/produkte\/aero012vbis05v\/","og_locale":"es_ES","og_type":"article","og_title":"AERO 0.12 V bis 0.5 V - AEROMIX.de","og_description":"Nuestra versi\u00f3n compacta est\u00e1 lista de forma inmediata para el funcionamiento Sobre un bastidor de acero inoxidable con ruedas Barandilla para la protecci\u00f3n de los componentes de la m\u00e1quina Bomba de producto con tolva Bomba de limpieza integrada durante el","og_url":"https:\/\/aeromix.de\/produkte\/aero012vbis05v\/","og_site_name":"AEROMIX.de","article_modified_time":"2017-07-05T08:51:06+00:00","og_image":[{"url":"https:\/\/aeromix.de\/wp-content\/uploads\/2017\/02\/05V-compact-07-31_01_17-683x1024.jpg"}],"twitter_card":"summary_large_image","twitter_misc":{"Tiempo de lectura":"2 minutos"},"schema":{"@context":"https:\/\/schema.org","@graph":[{"@type":"WebPage","@id":"https:\/\/aeromix.de\/produkte\/aero012vbis05v\/","url":"https:\/\/aeromix.de\/produkte\/aero012vbis05v\/","name":"AERO 0.12 V bis 0.5 V - AEROMIX.de","isPartOf":{"@id":"https:\/\/aeromix.de\/#website"},"datePublished":"2017-02-16T08:30:25+00:00","dateModified":"2017-07-05T08:51:06+00:00","breadcrumb":{"@id":"https:\/\/aeromix.de\/produkte\/aero012vbis05v\/#breadcrumb"},"inLanguage":"es","potentialAction":[{"@type":"ReadAction","target":["https:\/\/aeromix.de\/produkte\/aero012vbis05v\/"]}]},{"@type":"BreadcrumbList","@id":"https:\/\/aeromix.de\/produkte\/aero012vbis05v\/#breadcrumb","itemListElement":[{"@type":"ListItem","position":1,"name":"Startseite","item":"https:\/\/aeromix.de\/"},{"@type":"ListItem","position":2,"name":"Productos","item":"https:\/\/aeromix.de\/es\/produkte\/"},{"@type":"ListItem","position":3,"name":"AERO 0.12 V bis 0.5 V"}]},{"@type":"WebSite","@id":"https:\/\/aeromix.de\/#website","url":"https:\/\/aeromix.de\/","name":"AEROMIX.de","description":"Aufschlag-Maschinen seit 1996!","publisher":{"@id":"https:\/\/aeromix.de\/#organization"},"potentialAction":[{"@type":"SearchAction","target":{"@type":"EntryPoint","urlTemplate":"https:\/\/aeromix.de\/?s={search_term_string}"},"query-input":"required name=search_term_string"}],"inLanguage":"es"},{"@type":"Organization","@id":"https:\/\/aeromix.de\/#organization","name":"Aeromix GmbH","url":"https:\/\/aeromix.de\/","logo":{"@type":"ImageObject","inLanguage":"es","@id":"https:\/\/aeromix.de\/#\/schema\/logo\/image\/","url":"https:\/\/aeromix.de\/wp-content\/uploads\/2017\/02\/cropped-logo_aeromix.png","contentUrl":"https:\/\/aeromix.de\/wp-content\/uploads\/2017\/02\/cropped-logo_aeromix.png","width":506,"height":275,"caption":"Aeromix GmbH"},"image":{"@id":"https:\/\/aeromix.de\/#\/schema\/logo\/image\/"}}]}},"_links":{"self":[{"href":"https:\/\/aeromix.de\/es\/wp-json\/wp\/v2\/pages\/27"}],"collection":[{"href":"https:\/\/aeromix.de\/es\/wp-json\/wp\/v2\/pages"}],"about":[{"href":"https:\/\/aeromix.de\/es\/wp-json\/wp\/v2\/types\/page"}],"author":[{"embeddable":true,"href":"https:\/\/aeromix.de\/es\/wp-json\/wp\/v2\/users\/1"}],"replies":[{"embeddable":true,"href":"https:\/\/aeromix.de\/es\/wp-json\/wp\/v2\/comments?post=27"}],"version-history":[{"count":14,"href":"https:\/\/aeromix.de\/es\/wp-json\/wp\/v2\/pages\/27\/revisions"}],"predecessor-version":[{"id":256,"href":"https:\/\/aeromix.de\/es\/wp-json\/wp\/v2\/pages\/27\/revisions\/256"}],"up":[{"embeddable":true,"href":"https:\/\/aeromix.de\/es\/wp-json\/wp\/v2\/pages\/13"}],"wp:attachment":[{"href":"https:\/\/aeromix.de\/es\/wp-json\/wp\/v2\/media?parent=27"}],"curies":[{"name":"wp","href":"https:\/\/api.w.org\/{rel}","templated":true}]}}