{"id":29,"date":"2017-02-16T09:30:39","date_gmt":"2017-02-16T08:30:39","guid":{"rendered":"http:\/\/cms.aeromix.de\/?page_id=29"},"modified":"2017-07-05T10:55:24","modified_gmt":"2017-07-05T08:55:24","slug":"aero15vbis40v","status":"publish","type":"page","link":"https:\/\/aeromix.de\/es\/produkte\/aero15vbis40v\/","title":{"rendered":"AERO 1.5 V bis 4.0 V"},"content":{"rendered":"<p><a href=\"https:\/\/aeromix.de\/wp-content\/uploads\/2017\/02\/1-5_1.png\"><img loading=\"lazy\" decoding=\"async\" class=\"size-full wp-image-186 alignright\" src=\"https:\/\/aeromix.de\/wp-content\/uploads\/2017\/02\/1-5_1.png\" alt=\"\" width=\"291\" height=\"210\" \/><\/a><\/p>\n<p>Armaz\u00f3n con accionamiento y cabezal de mezcla, compatibles con su control.<\/p>\n<p>&nbsp;<\/p>\n<p>&nbsp;<\/p>\n<p>&nbsp;<\/p>\n<p>&nbsp;<\/p>\n<p>&nbsp;<\/p>\n<p><a href=\"https:\/\/aeromix.de\/wp-content\/uploads\/2017\/02\/1-5_2.png\"><img loading=\"lazy\" decoding=\"async\" class=\"size-full wp-image-185 alignleft\" src=\"https:\/\/aeromix.de\/wp-content\/uploads\/2017\/02\/1-5_2.png\" alt=\"\" width=\"188\" height=\"257\" \/><\/a><\/p>\n<p>&nbsp;<\/p>\n<p>M\u00e1quina con sistema de automatizaci\u00f3n descentralizado, directamente en afinador. F\u00e1cil manejo, r\u00e1pido cableado y conexi\u00f3n con su sistema piloto<\/p>\n<p><a href=\"https:\/\/aeromix.de\/wp-content\/uploads\/2017\/02\/1-5_3.png\"><img loading=\"lazy\" decoding=\"async\" class=\"size-full wp-image-184 alignleft\" src=\"https:\/\/aeromix.de\/wp-content\/uploads\/2017\/02\/1-5_3.png\" alt=\"\" width=\"100\" height=\"157\" \/><\/a><\/p>\n<hr \/>\n<p>&nbsp;<\/p>\n<p>&nbsp;<\/p>\n<p>F\u00e1cil manejo de la m\u00e1quina mediante la pantalla gr\u00e1fica<br \/>\n<a href=\"https:\/\/aeromix.de\/wp-content\/uploads\/2017\/02\/1-5_4.png\"><img loading=\"lazy\" decoding=\"async\" class=\"size-full wp-image-183 alignright\" src=\"https:\/\/aeromix.de\/wp-content\/uploads\/2017\/02\/1-5_4.png\" alt=\"\" width=\"188\" height=\"146\" \/><\/a><\/p>\n<p>&nbsp;<\/p>\n<p>&nbsp;<\/p>\n<p>&nbsp;<\/p>\n<p>&nbsp;<\/p>\n<p>&nbsp;<\/p>\n<p>&nbsp;<\/p>\n<p><a href=\"https:\/\/aeromix.de\/wp-content\/uploads\/2017\/02\/1-5_5.png\"><img loading=\"lazy\" decoding=\"async\" class=\"size-full wp-image-182 alignleft\" src=\"https:\/\/aeromix.de\/wp-content\/uploads\/2017\/02\/1-5_5.png\" alt=\"\" width=\"273\" height=\"280\" \/><\/a><\/p>\n<p><a href=\"https:\/\/aeromix.de\/wp-content\/uploads\/2017\/02\/1-5_6.png\"><img loading=\"lazy\" decoding=\"async\" class=\"size-full wp-image-181 alignnone\" src=\"https:\/\/aeromix.de\/wp-content\/uploads\/2017\/02\/1-5_6.png\" alt=\"\" width=\"111\" height=\"131\" \/><\/a><\/p>\n<p>Las m\u00e1quinas batidoras con control y tablero de mando<\/p>\n<p>&nbsp;<\/p>\n<p>&nbsp;<\/p>\n<p>&nbsp;<\/p>\n<p>&nbsp;<\/p>\n<p>&nbsp;<\/p>\n<p>&nbsp;<\/p>\n<p><a href=\"https:\/\/aeromix.de\/wp-content\/uploads\/2017\/02\/1-5_7.png\"><img loading=\"lazy\" decoding=\"async\" class=\"size-full wp-image-180 alignright\" src=\"https:\/\/aeromix.de\/wp-content\/uploads\/2017\/02\/1-5_7.png\" alt=\"\" width=\"274\" height=\"302\" \/><\/a><\/p>\n<p>Este modelo est\u00e1 equipado con<\/p>\n<p>desarrollo de proceso autom\u00e1tico en el cabezal de mezcla<\/p>\n<p>Listo para ser utilizado en los siguientes modos de funcionamiento:<\/p>\n<p>producci\u00f3n<\/p>\n<p>limpieza CIP<\/p>\n<p>esterilizaci\u00f3n SIP<\/p>\n<p>&nbsp;<\/p>\n<p>&nbsp;<\/p>\n<p>&nbsp;<\/p>\n<p>&nbsp;<\/p>\n<p>&nbsp;<\/p>\n<p>&nbsp;<\/p>\n<p><a href=\"https:\/\/aeromix.de\/wp-content\/uploads\/2017\/02\/1-5_9.png\"><img loading=\"lazy\" decoding=\"async\" class=\"size-full wp-image-192 alignright\" src=\"https:\/\/aeromix.de\/wp-content\/uploads\/2017\/02\/1-5_9.png\" alt=\"\" width=\"184\" height=\"254\" \/><\/a><\/p>\n<p><a href=\"https:\/\/aeromix.de\/wp-content\/uploads\/2017\/02\/1-5_8.png\">\u00a0<\/a><\/p>\n<p>M\u00e1quina con el mayor equipamiento as\u00e9ptico:<\/p>\n<p>Limpieza por inyecci\u00f3n de nitr\u00f3geno completamente autom\u00e1tica<\/p>\n<p>y vaciado del cabezal de mezcla<\/p>\n<p>Control de temperatura de los par\u00e1metros de esterilizaci\u00f3n<img loading=\"lazy\" decoding=\"async\" class=\"size-large wp-image-193 alignright\" src=\"https:\/\/aeromix.de\/wp-content\/uploads\/2017\/02\/1-5_8.png\" alt=\"\" width=\"156\" height=\"120\" \/><\/p>\n<p>&nbsp;<\/p>","protected":false},"excerpt":{"rendered":"<p>Armaz\u00f3n con accionamiento y cabezal de mezcla, compatibles con su control. &nbsp; &nbsp; &nbsp; &nbsp; &nbsp; &nbsp; M\u00e1quina con sistema de automatizaci\u00f3n descentralizado, directamente en afinador. F\u00e1cil manejo, r\u00e1pido cableado y conexi\u00f3n con su sistema piloto &nbsp; &nbsp; F\u00e1cil manejo<\/p>\n","protected":false},"author":1,"featured_media":42,"parent":13,"menu_order":0,"comment_status":"closed","ping_status":"closed","template":"","meta":{"footnotes":""},"yoast_head":"<!-- This site is optimized with the Yoast SEO plugin v21.9 - https:\/\/yoast.com\/wordpress\/plugins\/seo\/ -->\n<title>AERO 1.5 V bis 4.0 V - AEROMIX.de<\/title>\n<meta name=\"robots\" content=\"index, follow, max-snippet:-1, max-image-preview:large, max-video-preview:-1\" \/>\n<link rel=\"canonical\" href=\"https:\/\/aeromix.de\/en\/produkte\/aero15vbis40v\/\" \/>\n<meta property=\"og:locale\" content=\"es_ES\" \/>\n<meta property=\"og:type\" content=\"article\" \/>\n<meta property=\"og:title\" content=\"AERO 1.5 V bis 4.0 V - AEROMIX.de\" \/>\n<meta property=\"og:description\" content=\"Armaz\u00f3n con accionamiento y cabezal de mezcla, compatibles con su control. &nbsp; &nbsp; &nbsp; &nbsp; &nbsp; &nbsp; M\u00e1quina con sistema de automatizaci\u00f3n descentralizado, directamente en afinador. F\u00e1cil manejo, r\u00e1pido cableado y conexi\u00f3n con su sistema piloto &nbsp; &nbsp; F\u00e1cil manejo\" \/>\n<meta property=\"og:url\" content=\"https:\/\/aeromix.de\/en\/produkte\/aero15vbis40v\/\" \/>\n<meta property=\"og:site_name\" content=\"AEROMIX.de\" \/>\n<meta property=\"article:modified_time\" content=\"2017-07-05T08:55:24+00:00\" \/>\n<meta property=\"og:image\" content=\"https:\/\/aeromix.de\/wp-content\/uploads\/2017\/02\/Schaltschrank-030410.jpg\" \/>\n\t<meta property=\"og:image:width\" content=\"3168\" \/>\n\t<meta property=\"og:image:height\" content=\"4752\" \/>\n\t<meta property=\"og:image:type\" content=\"image\/jpeg\" \/>\n<meta name=\"twitter:card\" content=\"summary_large_image\" \/>\n<meta name=\"twitter:label1\" content=\"Tiempo de lectura\" \/>\n\t<meta name=\"twitter:data1\" content=\"3 minutos\" \/>\n<script type=\"application\/ld+json\" class=\"yoast-schema-graph\">{\"@context\":\"https:\/\/schema.org\",\"@graph\":[{\"@type\":\"WebPage\",\"@id\":\"https:\/\/aeromix.de\/en\/produkte\/aero15vbis40v\/\",\"url\":\"https:\/\/aeromix.de\/en\/produkte\/aero15vbis40v\/\",\"name\":\"AERO 1.5 V bis 4.0 V - AEROMIX.de\",\"isPartOf\":{\"@id\":\"https:\/\/aeromix.de\/#website\"},\"datePublished\":\"2017-02-16T08:30:39+00:00\",\"dateModified\":\"2017-07-05T08:55:24+00:00\",\"breadcrumb\":{\"@id\":\"https:\/\/aeromix.de\/en\/produkte\/aero15vbis40v\/#breadcrumb\"},\"inLanguage\":\"es\",\"potentialAction\":[{\"@type\":\"ReadAction\",\"target\":[\"https:\/\/aeromix.de\/en\/produkte\/aero15vbis40v\/\"]}]},{\"@type\":\"BreadcrumbList\",\"@id\":\"https:\/\/aeromix.de\/en\/produkte\/aero15vbis40v\/#breadcrumb\",\"itemListElement\":[{\"@type\":\"ListItem\",\"position\":1,\"name\":\"Startseite\",\"item\":\"https:\/\/aeromix.de\/\"},{\"@type\":\"ListItem\",\"position\":2,\"name\":\"Productos\",\"item\":\"https:\/\/aeromix.de\/es\/produkte\/\"},{\"@type\":\"ListItem\",\"position\":3,\"name\":\"AERO 1.5 V bis 4.0 V\"}]},{\"@type\":\"WebSite\",\"@id\":\"https:\/\/aeromix.de\/#website\",\"url\":\"https:\/\/aeromix.de\/\",\"name\":\"AEROMIX.de\",\"description\":\"Aufschlag-Maschinen seit 1996!\",\"publisher\":{\"@id\":\"https:\/\/aeromix.de\/#organization\"},\"potentialAction\":[{\"@type\":\"SearchAction\",\"target\":{\"@type\":\"EntryPoint\",\"urlTemplate\":\"https:\/\/aeromix.de\/?s={search_term_string}\"},\"query-input\":\"required name=search_term_string\"}],\"inLanguage\":\"es\"},{\"@type\":\"Organization\",\"@id\":\"https:\/\/aeromix.de\/#organization\",\"name\":\"Aeromix GmbH\",\"url\":\"https:\/\/aeromix.de\/\",\"logo\":{\"@type\":\"ImageObject\",\"inLanguage\":\"es\",\"@id\":\"https:\/\/aeromix.de\/#\/schema\/logo\/image\/\",\"url\":\"https:\/\/aeromix.de\/wp-content\/uploads\/2017\/02\/cropped-logo_aeromix.png\",\"contentUrl\":\"https:\/\/aeromix.de\/wp-content\/uploads\/2017\/02\/cropped-logo_aeromix.png\",\"width\":506,\"height\":275,\"caption\":\"Aeromix GmbH\"},\"image\":{\"@id\":\"https:\/\/aeromix.de\/#\/schema\/logo\/image\/\"}}]}<\/script>\n<!-- \/ Yoast SEO plugin. -->","yoast_head_json":{"title":"AERO 1.5 V bis 4.0 V - AEROMIX.de","robots":{"index":"index","follow":"follow","max-snippet":"max-snippet:-1","max-image-preview":"max-image-preview:large","max-video-preview":"max-video-preview:-1"},"canonical":"https:\/\/aeromix.de\/en\/produkte\/aero15vbis40v\/","og_locale":"es_ES","og_type":"article","og_title":"AERO 1.5 V bis 4.0 V - AEROMIX.de","og_description":"Armaz\u00f3n con accionamiento y cabezal de mezcla, compatibles con su control. &nbsp; &nbsp; &nbsp; &nbsp; &nbsp; &nbsp; M\u00e1quina con sistema de automatizaci\u00f3n descentralizado, directamente en afinador. F\u00e1cil manejo, r\u00e1pido cableado y conexi\u00f3n con su sistema piloto &nbsp; &nbsp; F\u00e1cil manejo","og_url":"https:\/\/aeromix.de\/en\/produkte\/aero15vbis40v\/","og_site_name":"AEROMIX.de","article_modified_time":"2017-07-05T08:55:24+00:00","og_image":[{"width":3168,"height":4752,"url":"https:\/\/aeromix.de\/wp-content\/uploads\/2017\/02\/Schaltschrank-030410.jpg","type":"image\/jpeg"}],"twitter_card":"summary_large_image","twitter_misc":{"Tiempo de lectura":"3 minutos"},"schema":{"@context":"https:\/\/schema.org","@graph":[{"@type":"WebPage","@id":"https:\/\/aeromix.de\/en\/produkte\/aero15vbis40v\/","url":"https:\/\/aeromix.de\/en\/produkte\/aero15vbis40v\/","name":"AERO 1.5 V bis 4.0 V - AEROMIX.de","isPartOf":{"@id":"https:\/\/aeromix.de\/#website"},"datePublished":"2017-02-16T08:30:39+00:00","dateModified":"2017-07-05T08:55:24+00:00","breadcrumb":{"@id":"https:\/\/aeromix.de\/en\/produkte\/aero15vbis40v\/#breadcrumb"},"inLanguage":"es","potentialAction":[{"@type":"ReadAction","target":["https:\/\/aeromix.de\/en\/produkte\/aero15vbis40v\/"]}]},{"@type":"BreadcrumbList","@id":"https:\/\/aeromix.de\/en\/produkte\/aero15vbis40v\/#breadcrumb","itemListElement":[{"@type":"ListItem","position":1,"name":"Startseite","item":"https:\/\/aeromix.de\/"},{"@type":"ListItem","position":2,"name":"Productos","item":"https:\/\/aeromix.de\/es\/produkte\/"},{"@type":"ListItem","position":3,"name":"AERO 1.5 V bis 4.0 V"}]},{"@type":"WebSite","@id":"https:\/\/aeromix.de\/#website","url":"https:\/\/aeromix.de\/","name":"AEROMIX.de","description":"Aufschlag-Maschinen seit 1996!","publisher":{"@id":"https:\/\/aeromix.de\/#organization"},"potentialAction":[{"@type":"SearchAction","target":{"@type":"EntryPoint","urlTemplate":"https:\/\/aeromix.de\/?s={search_term_string}"},"query-input":"required name=search_term_string"}],"inLanguage":"es"},{"@type":"Organization","@id":"https:\/\/aeromix.de\/#organization","name":"Aeromix GmbH","url":"https:\/\/aeromix.de\/","logo":{"@type":"ImageObject","inLanguage":"es","@id":"https:\/\/aeromix.de\/#\/schema\/logo\/image\/","url":"https:\/\/aeromix.de\/wp-content\/uploads\/2017\/02\/cropped-logo_aeromix.png","contentUrl":"https:\/\/aeromix.de\/wp-content\/uploads\/2017\/02\/cropped-logo_aeromix.png","width":506,"height":275,"caption":"Aeromix GmbH"},"image":{"@id":"https:\/\/aeromix.de\/#\/schema\/logo\/image\/"}}]}},"_links":{"self":[{"href":"https:\/\/aeromix.de\/es\/wp-json\/wp\/v2\/pages\/29"}],"collection":[{"href":"https:\/\/aeromix.de\/es\/wp-json\/wp\/v2\/pages"}],"about":[{"href":"https:\/\/aeromix.de\/es\/wp-json\/wp\/v2\/types\/page"}],"author":[{"embeddable":true,"href":"https:\/\/aeromix.de\/es\/wp-json\/wp\/v2\/users\/1"}],"replies":[{"embeddable":true,"href":"https:\/\/aeromix.de\/es\/wp-json\/wp\/v2\/comments?post=29"}],"version-history":[{"count":17,"href":"https:\/\/aeromix.de\/es\/wp-json\/wp\/v2\/pages\/29\/revisions"}],"predecessor-version":[{"id":259,"href":"https:\/\/aeromix.de\/es\/wp-json\/wp\/v2\/pages\/29\/revisions\/259"}],"up":[{"embeddable":true,"href":"https:\/\/aeromix.de\/es\/wp-json\/wp\/v2\/pages\/13"}],"wp:featuredmedia":[{"embeddable":true,"href":"https:\/\/aeromix.de\/es\/wp-json\/wp\/v2\/media\/42"}],"wp:attachment":[{"href":"https:\/\/aeromix.de\/es\/wp-json\/wp\/v2\/media?parent=29"}],"curies":[{"name":"wp","href":"https:\/\/api.w.org\/{rel}","templated":true}]}}