{"id":33,"date":"2017-02-16T09:31:02","date_gmt":"2017-02-16T08:31:02","guid":{"rendered":"http:\/\/cms.aeromix.de\/?page_id=33"},"modified":"2017-07-05T10:44:09","modified_gmt":"2017-07-05T08:44:09","slug":"ueber-aufschlagmaschinen","status":"publish","type":"page","link":"https:\/\/aeromix.de\/es\/produkte\/ueber-aufschlagmaschinen\/","title":{"rendered":"Sobre las m\u00e1quinas m\u00e1quinas batidoras"},"content":{"rendered":"<p>&nbsp;<\/p>\n<p>Las m\u00e1quinas batidoras (tambi\u00e9n denominadas \u00abventiladores\u00bb, \u00abproductores de espuma\u00bb, \u00abgeneradores de espuma\u00bb, \u00abmezcladores industriales\u00bb, \u00abaireador\u00bb) son m\u00e1quinas que producen producto batido-espumado de un amplio espectro de productos.<\/p>\n<p>El coraz\u00f3n de la m\u00e1quina es el denominado cabezal de mezcla. Este est\u00e1 compuesto por un rotor y un estator equipados con muchas coronas de clavijas para garantizar una rotaci\u00f3n precisa.<br \/>\n(\u00abmezclador de flujo axial en l\u00ednea\u00bb)<\/p>\n<p>Un medio l\u00edquido o pastoso es transportado por una de nuestras bombas siguiendo la receta hacia el cabezal del mezclador. En la entrada del cabezal de mezcla se dosifica el nitr\u00f3geno proporcionalmente a la cantidad de producto. Mediante el giro del cabezal de mezcla se distribuyen homog\u00e9neamente las burbujas de nitr\u00f3geno.<\/p>\n<p>En la salida del cabezal de mezcla puede extraerse la espuma formada.<\/p>\n<p>El producto final es una masa espumada lista para utilizar o envasar<a href=\"https:\/\/aeromix.de\/wp-content\/uploads\/2017\/02\/aufschlag_espanol.png\"><img loading=\"lazy\" decoding=\"async\" class=\"size-medium wp-image-249 aligncenter\" src=\"https:\/\/aeromix.de\/wp-content\/uploads\/2017\/02\/aufschlag_espanol-500x232.png\" alt=\"\" width=\"500\" height=\"232\" srcset=\"https:\/\/aeromix.de\/wp-content\/uploads\/2017\/02\/aufschlag_espanol-500x232.png 500w, https:\/\/aeromix.de\/wp-content\/uploads\/2017\/02\/aufschlag_espanol-768x356.png 768w, https:\/\/aeromix.de\/wp-content\/uploads\/2017\/02\/aufschlag_espanol.png 918w\" sizes=\"(max-width: 500px) 100vw, 500px\" \/><\/a><\/p>\n<p>&nbsp;<\/p>","protected":false},"excerpt":{"rendered":"<p>&nbsp; Las m\u00e1quinas batidoras (tambi\u00e9n denominadas \u00abventiladores\u00bb, \u00abproductores de espuma\u00bb, \u00abgeneradores de espuma\u00bb, \u00abmezcladores industriales\u00bb, \u00abaireador\u00bb) son m\u00e1quinas que producen producto batido-espumado de un amplio espectro de productos. El coraz\u00f3n de la m\u00e1quina es el denominado cabezal de mezcla. Este<\/p>\n","protected":false},"author":1,"featured_media":0,"parent":13,"menu_order":0,"comment_status":"closed","ping_status":"closed","template":"","meta":{"footnotes":""},"yoast_head":"<!-- This site is optimized with the Yoast SEO plugin v21.9 - https:\/\/yoast.com\/wordpress\/plugins\/seo\/ -->\n<title>Sobre las m\u00e1quinas m\u00e1quinas batidoras - AEROMIX.de<\/title>\n<meta name=\"robots\" content=\"index, follow, max-snippet:-1, max-image-preview:large, max-video-preview:-1\" \/>\n<link rel=\"canonical\" href=\"https:\/\/aeromix.de\/pl\/produkte\/ueber-aufschlagmaschinen\/\" \/>\n<meta property=\"og:locale\" content=\"es_ES\" \/>\n<meta property=\"og:type\" content=\"article\" \/>\n<meta property=\"og:title\" content=\"[:de]\u00dcber Aufschlagmaschinen[:en]ABOUT WHIPPING MACHINES[:pl]o maszynach napowietrzajacych[:es]Sobre las m\u00e1quinas m\u00e1quinas batidoras[:] - AEROMIX.de\" \/>\n<meta property=\"og:description\" content=\"&nbsp; Las m\u00e1quinas batidoras (tambi\u00e9n denominadas \u00abventiladores\u00bb, \u00abproductores de espuma\u00bb, \u00abgeneradores de espuma\u00bb, \u00abmezcladores industriales\u00bb, \u00abaireador\u00bb) son m\u00e1quinas que producen producto batido-espumado de un amplio espectro de productos. El coraz\u00f3n de la m\u00e1quina es el denominado cabezal de mezcla. Este\" \/>\n<meta property=\"og:url\" content=\"https:\/\/aeromix.de\/pl\/produkte\/ueber-aufschlagmaschinen\/\" \/>\n<meta property=\"og:site_name\" content=\"AEROMIX.de\" \/>\n<meta property=\"article:modified_time\" content=\"2017-07-05T08:44:09+00:00\" \/>\n<meta property=\"og:image\" content=\"https:\/\/aeromix.de\/wp-content\/uploads\/2017\/02\/aufschlagmaschinen.png\" \/>\n<meta name=\"twitter:card\" content=\"summary_large_image\" \/>\n<meta name=\"twitter:label1\" content=\"Tiempo de lectura\" \/>\n\t<meta name=\"twitter:data1\" content=\"3 minutos\" \/>\n<script type=\"application\/ld+json\" class=\"yoast-schema-graph\">{\"@context\":\"https:\/\/schema.org\",\"@graph\":[{\"@type\":\"WebPage\",\"@id\":\"https:\/\/aeromix.de\/pl\/produkte\/ueber-aufschlagmaschinen\/\",\"url\":\"https:\/\/aeromix.de\/pl\/produkte\/ueber-aufschlagmaschinen\/\",\"name\":\"[:de]\u00dcber Aufschlagmaschinen[:en]ABOUT WHIPPING MACHINES[:pl]o maszynach napowietrzajacych[:es]Sobre las m\u00e1quinas m\u00e1quinas batidoras[:] - AEROMIX.de\",\"isPartOf\":{\"@id\":\"https:\/\/aeromix.de\/#website\"},\"datePublished\":\"2017-02-16T08:31:02+00:00\",\"dateModified\":\"2017-07-05T08:44:09+00:00\",\"breadcrumb\":{\"@id\":\"https:\/\/aeromix.de\/pl\/produkte\/ueber-aufschlagmaschinen\/#breadcrumb\"},\"inLanguage\":\"es\",\"potentialAction\":[{\"@type\":\"ReadAction\",\"target\":[\"https:\/\/aeromix.de\/pl\/produkte\/ueber-aufschlagmaschinen\/\"]}]},{\"@type\":\"BreadcrumbList\",\"@id\":\"https:\/\/aeromix.de\/pl\/produkte\/ueber-aufschlagmaschinen\/#breadcrumb\",\"itemListElement\":[{\"@type\":\"ListItem\",\"position\":1,\"name\":\"Startseite\",\"item\":\"https:\/\/aeromix.de\/\"},{\"@type\":\"ListItem\",\"position\":2,\"name\":\"Productos\",\"item\":\"https:\/\/aeromix.de\/es\/produkte\/\"},{\"@type\":\"ListItem\",\"position\":3,\"name\":\"o maszynach napowietrzajacych\"}]},{\"@type\":\"WebSite\",\"@id\":\"https:\/\/aeromix.de\/#website\",\"url\":\"https:\/\/aeromix.de\/\",\"name\":\"AEROMIX.de\",\"description\":\"Aufschlag-Maschinen seit 1996!\",\"publisher\":{\"@id\":\"https:\/\/aeromix.de\/#organization\"},\"potentialAction\":[{\"@type\":\"SearchAction\",\"target\":{\"@type\":\"EntryPoint\",\"urlTemplate\":\"https:\/\/aeromix.de\/?s={search_term_string}\"},\"query-input\":\"required name=search_term_string\"}],\"inLanguage\":\"es\"},{\"@type\":\"Organization\",\"@id\":\"https:\/\/aeromix.de\/#organization\",\"name\":\"Aeromix GmbH\",\"url\":\"https:\/\/aeromix.de\/\",\"logo\":{\"@type\":\"ImageObject\",\"inLanguage\":\"es\",\"@id\":\"https:\/\/aeromix.de\/#\/schema\/logo\/image\/\",\"url\":\"https:\/\/aeromix.de\/wp-content\/uploads\/2017\/02\/cropped-logo_aeromix.png\",\"contentUrl\":\"https:\/\/aeromix.de\/wp-content\/uploads\/2017\/02\/cropped-logo_aeromix.png\",\"width\":506,\"height\":275,\"caption\":\"Aeromix GmbH\"},\"image\":{\"@id\":\"https:\/\/aeromix.de\/#\/schema\/logo\/image\/\"}}]}<\/script>\n<!-- \/ Yoast SEO plugin. -->","yoast_head_json":{"title":"[:de]\u00dcber Aufschlagmaschinen[:en]ABOUT WHIPPING MACHINES[:pl]o maszynach napowietrzajacych[:es]Sobre las m\u00e1quinas m\u00e1quinas batidoras[:] - AEROMIX.de","robots":{"index":"index","follow":"follow","max-snippet":"max-snippet:-1","max-image-preview":"max-image-preview:large","max-video-preview":"max-video-preview:-1"},"canonical":"https:\/\/aeromix.de\/pl\/produkte\/ueber-aufschlagmaschinen\/","og_locale":"es_ES","og_type":"article","og_title":"[:de]\u00dcber Aufschlagmaschinen[:en]ABOUT WHIPPING MACHINES[:pl]o maszynach napowietrzajacych[:es]Sobre las m\u00e1quinas m\u00e1quinas batidoras[:] - AEROMIX.de","og_description":"&nbsp; Las m\u00e1quinas batidoras (tambi\u00e9n denominadas \u00abventiladores\u00bb, \u00abproductores de espuma\u00bb, \u00abgeneradores de espuma\u00bb, \u00abmezcladores industriales\u00bb, \u00abaireador\u00bb) son m\u00e1quinas que producen producto batido-espumado de un amplio espectro de productos. El coraz\u00f3n de la m\u00e1quina es el denominado cabezal de mezcla. Este","og_url":"https:\/\/aeromix.de\/pl\/produkte\/ueber-aufschlagmaschinen\/","og_site_name":"AEROMIX.de","article_modified_time":"2017-07-05T08:44:09+00:00","og_image":[{"url":"https:\/\/aeromix.de\/wp-content\/uploads\/2017\/02\/aufschlagmaschinen.png"}],"twitter_card":"summary_large_image","twitter_misc":{"Tiempo de lectura":"3 minutos"},"schema":{"@context":"https:\/\/schema.org","@graph":[{"@type":"WebPage","@id":"https:\/\/aeromix.de\/pl\/produkte\/ueber-aufschlagmaschinen\/","url":"https:\/\/aeromix.de\/pl\/produkte\/ueber-aufschlagmaschinen\/","name":"[:de]\u00dcber Aufschlagmaschinen[:en]ABOUT WHIPPING MACHINES[:pl]o maszynach napowietrzajacych[:es]Sobre las m\u00e1quinas m\u00e1quinas batidoras[:] - AEROMIX.de","isPartOf":{"@id":"https:\/\/aeromix.de\/#website"},"datePublished":"2017-02-16T08:31:02+00:00","dateModified":"2017-07-05T08:44:09+00:00","breadcrumb":{"@id":"https:\/\/aeromix.de\/pl\/produkte\/ueber-aufschlagmaschinen\/#breadcrumb"},"inLanguage":"es","potentialAction":[{"@type":"ReadAction","target":["https:\/\/aeromix.de\/pl\/produkte\/ueber-aufschlagmaschinen\/"]}]},{"@type":"BreadcrumbList","@id":"https:\/\/aeromix.de\/pl\/produkte\/ueber-aufschlagmaschinen\/#breadcrumb","itemListElement":[{"@type":"ListItem","position":1,"name":"Startseite","item":"https:\/\/aeromix.de\/"},{"@type":"ListItem","position":2,"name":"Productos","item":"https:\/\/aeromix.de\/es\/produkte\/"},{"@type":"ListItem","position":3,"name":"o maszynach napowietrzajacych"}]},{"@type":"WebSite","@id":"https:\/\/aeromix.de\/#website","url":"https:\/\/aeromix.de\/","name":"AEROMIX.de","description":"Aufschlag-Maschinen seit 1996!","publisher":{"@id":"https:\/\/aeromix.de\/#organization"},"potentialAction":[{"@type":"SearchAction","target":{"@type":"EntryPoint","urlTemplate":"https:\/\/aeromix.de\/?s={search_term_string}"},"query-input":"required name=search_term_string"}],"inLanguage":"es"},{"@type":"Organization","@id":"https:\/\/aeromix.de\/#organization","name":"Aeromix GmbH","url":"https:\/\/aeromix.de\/","logo":{"@type":"ImageObject","inLanguage":"es","@id":"https:\/\/aeromix.de\/#\/schema\/logo\/image\/","url":"https:\/\/aeromix.de\/wp-content\/uploads\/2017\/02\/cropped-logo_aeromix.png","contentUrl":"https:\/\/aeromix.de\/wp-content\/uploads\/2017\/02\/cropped-logo_aeromix.png","width":506,"height":275,"caption":"Aeromix GmbH"},"image":{"@id":"https:\/\/aeromix.de\/#\/schema\/logo\/image\/"}}]}},"_links":{"self":[{"href":"https:\/\/aeromix.de\/es\/wp-json\/wp\/v2\/pages\/33"}],"collection":[{"href":"https:\/\/aeromix.de\/es\/wp-json\/wp\/v2\/pages"}],"about":[{"href":"https:\/\/aeromix.de\/es\/wp-json\/wp\/v2\/types\/page"}],"author":[{"embeddable":true,"href":"https:\/\/aeromix.de\/es\/wp-json\/wp\/v2\/users\/1"}],"replies":[{"embeddable":true,"href":"https:\/\/aeromix.de\/es\/wp-json\/wp\/v2\/comments?post=33"}],"version-history":[{"count":9,"href":"https:\/\/aeromix.de\/es\/wp-json\/wp\/v2\/pages\/33\/revisions"}],"predecessor-version":[{"id":250,"href":"https:\/\/aeromix.de\/es\/wp-json\/wp\/v2\/pages\/33\/revisions\/250"}],"up":[{"embeddable":true,"href":"https:\/\/aeromix.de\/es\/wp-json\/wp\/v2\/pages\/13"}],"wp:attachment":[{"href":"https:\/\/aeromix.de\/es\/wp-json\/wp\/v2\/media?parent=33"}],"curies":[{"name":"wp","href":"https:\/\/api.w.org\/{rel}","templated":true}]}}