{"id":77,"date":"2017-03-07T13:24:13","date_gmt":"2017-03-07T12:24:13","guid":{"rendered":"http:\/\/cms.aeromix.de\/?page_id=77"},"modified":"2017-07-05T10:39:13","modified_gmt":"2017-07-05T08:39:13","slug":"einsatzgebiete","status":"publish","type":"page","link":"https:\/\/aeromix.de\/es\/einsatzgebiete\/","title":{"rendered":"\u00c1reas de aplicaci\u00f3n"},"content":{"rendered":"<p><strong>\u00a0<\/strong><strong>Las posibilidades de aplicaci\u00f3n de nuestras m\u00e1quinas&#8230;<\/strong><\/p>\n<p>&nbsp;<\/p>\n<ul>\n<li><strong>En la industria alimentaria:<\/strong><\/li>\n<li>en f\u00e1bricas de productos l\u00e1cteos para la mezcla de yogur, crema, quesos frescos, pudin, mousse y otros productos bombeables<\/li>\n<li>en pasteler\u00edas y panader\u00edas para batir y mezclar de modo homog\u00e9neo masas de bizcochos, masas vienesas y tartas de queso, crema, clara a punto de nieve&#8230;<\/li>\n<li>En la producci\u00f3n de productos frescos como por ejemplo condimentos para ensaladas, mayonesas, salsas &#8230;<\/li>\n<li>En la producci\u00f3n de caf\u00e9<\/li>\n<li><strong>En la industria qu\u00edmica:<\/strong><\/li>\n<li>para batir y mezclar l\u00e1tex, cremas, pastas, adhesivos, revestimientos de suelo<\/li>\n<\/ul>\n<p>&nbsp;<\/p>\n<p>Los puntos de inyecci\u00f3n adicional en el cabezal de mezcla posibilitan la adici\u00f3n de gelatina, fondos u otros compuestos bombeables.<\/p>\n<p>&nbsp;<\/p>","protected":false},"excerpt":{"rendered":"<p>\u00a0Las posibilidades de aplicaci\u00f3n de nuestras m\u00e1quinas&#8230; &nbsp; En la industria alimentaria: en f\u00e1bricas de productos l\u00e1cteos para la mezcla de yogur, crema, quesos frescos, pudin, mousse y otros productos bombeables en pasteler\u00edas y panader\u00edas para batir y mezclar de<\/p>\n","protected":false},"author":1,"featured_media":0,"parent":0,"menu_order":0,"comment_status":"closed","ping_status":"closed","template":"","meta":{"footnotes":""},"yoast_head":"<!-- This site is optimized with the Yoast SEO plugin v21.9 - https:\/\/yoast.com\/wordpress\/plugins\/seo\/ -->\n<title>\u00c1reas de aplicaci\u00f3n - AEROMIX.de<\/title>\n<meta name=\"robots\" content=\"index, follow, max-snippet:-1, max-image-preview:large, max-video-preview:-1\" \/>\n<link rel=\"canonical\" href=\"https:\/\/aeromix.de\/einsatzgebiete\/\" \/>\n<meta property=\"og:locale\" content=\"es_ES\" \/>\n<meta property=\"og:type\" content=\"article\" \/>\n<meta property=\"og:title\" content=\"[:de]Einsatzgebiete[:en]Areas of applications[:pl]Obszary zastosowa\u0144[:es]\u00c1reas de aplicaci\u00f3n[:] - AEROMIX.de\" \/>\n<meta property=\"og:description\" content=\"\u00a0Las posibilidades de aplicaci\u00f3n de nuestras m\u00e1quinas&#8230; &nbsp; En la industria alimentaria: en f\u00e1bricas de productos l\u00e1cteos para la mezcla de yogur, crema, quesos frescos, pudin, mousse y otros productos bombeables en pasteler\u00edas y panader\u00edas para batir y mezclar de\" \/>\n<meta property=\"og:url\" content=\"https:\/\/aeromix.de\/einsatzgebiete\/\" \/>\n<meta property=\"og:site_name\" content=\"AEROMIX.de\" \/>\n<meta property=\"article:modified_time\" content=\"2017-07-05T08:39:13+00:00\" \/>\n<meta name=\"twitter:card\" content=\"summary_large_image\" \/>\n<meta name=\"twitter:label1\" content=\"Tiempo de lectura\" \/>\n\t<meta name=\"twitter:data1\" content=\"2 minutos\" \/>\n<script type=\"application\/ld+json\" class=\"yoast-schema-graph\">{\"@context\":\"https:\/\/schema.org\",\"@graph\":[{\"@type\":\"WebPage\",\"@id\":\"https:\/\/aeromix.de\/einsatzgebiete\/\",\"url\":\"https:\/\/aeromix.de\/einsatzgebiete\/\",\"name\":\"[:de]Einsatzgebiete[:en]Areas of applications[:pl]Obszary zastosowa\u0144[:es]\u00c1reas de aplicaci\u00f3n[:] - AEROMIX.de\",\"isPartOf\":{\"@id\":\"https:\/\/aeromix.de\/#website\"},\"datePublished\":\"2017-03-07T12:24:13+00:00\",\"dateModified\":\"2017-07-05T08:39:13+00:00\",\"breadcrumb\":{\"@id\":\"https:\/\/aeromix.de\/einsatzgebiete\/#breadcrumb\"},\"inLanguage\":\"es\",\"potentialAction\":[{\"@type\":\"ReadAction\",\"target\":[\"https:\/\/aeromix.de\/einsatzgebiete\/\"]}]},{\"@type\":\"BreadcrumbList\",\"@id\":\"https:\/\/aeromix.de\/einsatzgebiete\/#breadcrumb\",\"itemListElement\":[{\"@type\":\"ListItem\",\"position\":1,\"name\":\"Startseite\",\"item\":\"https:\/\/aeromix.de\/\"},{\"@type\":\"ListItem\",\"position\":2,\"name\":\"Einsatzgebiete\"}]},{\"@type\":\"WebSite\",\"@id\":\"https:\/\/aeromix.de\/#website\",\"url\":\"https:\/\/aeromix.de\/\",\"name\":\"AEROMIX.de\",\"description\":\"Aufschlag-Maschinen seit 1996!\",\"publisher\":{\"@id\":\"https:\/\/aeromix.de\/#organization\"},\"potentialAction\":[{\"@type\":\"SearchAction\",\"target\":{\"@type\":\"EntryPoint\",\"urlTemplate\":\"https:\/\/aeromix.de\/?s={search_term_string}\"},\"query-input\":\"required name=search_term_string\"}],\"inLanguage\":\"es\"},{\"@type\":\"Organization\",\"@id\":\"https:\/\/aeromix.de\/#organization\",\"name\":\"Aeromix GmbH\",\"url\":\"https:\/\/aeromix.de\/\",\"logo\":{\"@type\":\"ImageObject\",\"inLanguage\":\"es\",\"@id\":\"https:\/\/aeromix.de\/#\/schema\/logo\/image\/\",\"url\":\"https:\/\/aeromix.de\/wp-content\/uploads\/2017\/02\/cropped-logo_aeromix.png\",\"contentUrl\":\"https:\/\/aeromix.de\/wp-content\/uploads\/2017\/02\/cropped-logo_aeromix.png\",\"width\":506,\"height\":275,\"caption\":\"Aeromix GmbH\"},\"image\":{\"@id\":\"https:\/\/aeromix.de\/#\/schema\/logo\/image\/\"}}]}<\/script>\n<!-- \/ Yoast SEO plugin. -->","yoast_head_json":{"title":"[:de]Einsatzgebiete[:en]Areas of applications[:pl]Obszary zastosowa\u0144[:es]\u00c1reas de aplicaci\u00f3n[:] - AEROMIX.de","robots":{"index":"index","follow":"follow","max-snippet":"max-snippet:-1","max-image-preview":"max-image-preview:large","max-video-preview":"max-video-preview:-1"},"canonical":"https:\/\/aeromix.de\/einsatzgebiete\/","og_locale":"es_ES","og_type":"article","og_title":"[:de]Einsatzgebiete[:en]Areas of applications[:pl]Obszary zastosowa\u0144[:es]\u00c1reas de aplicaci\u00f3n[:] - AEROMIX.de","og_description":"\u00a0Las posibilidades de aplicaci\u00f3n de nuestras m\u00e1quinas&#8230; &nbsp; En la industria alimentaria: en f\u00e1bricas de productos l\u00e1cteos para la mezcla de yogur, crema, quesos frescos, pudin, mousse y otros productos bombeables en pasteler\u00edas y panader\u00edas para batir y mezclar de","og_url":"https:\/\/aeromix.de\/einsatzgebiete\/","og_site_name":"AEROMIX.de","article_modified_time":"2017-07-05T08:39:13+00:00","twitter_card":"summary_large_image","twitter_misc":{"Tiempo de lectura":"2 minutos"},"schema":{"@context":"https:\/\/schema.org","@graph":[{"@type":"WebPage","@id":"https:\/\/aeromix.de\/einsatzgebiete\/","url":"https:\/\/aeromix.de\/einsatzgebiete\/","name":"[:de]Einsatzgebiete[:en]Areas of applications[:pl]Obszary zastosowa\u0144[:es]\u00c1reas de aplicaci\u00f3n[:] - AEROMIX.de","isPartOf":{"@id":"https:\/\/aeromix.de\/#website"},"datePublished":"2017-03-07T12:24:13+00:00","dateModified":"2017-07-05T08:39:13+00:00","breadcrumb":{"@id":"https:\/\/aeromix.de\/einsatzgebiete\/#breadcrumb"},"inLanguage":"es","potentialAction":[{"@type":"ReadAction","target":["https:\/\/aeromix.de\/einsatzgebiete\/"]}]},{"@type":"BreadcrumbList","@id":"https:\/\/aeromix.de\/einsatzgebiete\/#breadcrumb","itemListElement":[{"@type":"ListItem","position":1,"name":"Startseite","item":"https:\/\/aeromix.de\/"},{"@type":"ListItem","position":2,"name":"Einsatzgebiete"}]},{"@type":"WebSite","@id":"https:\/\/aeromix.de\/#website","url":"https:\/\/aeromix.de\/","name":"AEROMIX.de","description":"Aufschlag-Maschinen seit 1996!","publisher":{"@id":"https:\/\/aeromix.de\/#organization"},"potentialAction":[{"@type":"SearchAction","target":{"@type":"EntryPoint","urlTemplate":"https:\/\/aeromix.de\/?s={search_term_string}"},"query-input":"required name=search_term_string"}],"inLanguage":"es"},{"@type":"Organization","@id":"https:\/\/aeromix.de\/#organization","name":"Aeromix GmbH","url":"https:\/\/aeromix.de\/","logo":{"@type":"ImageObject","inLanguage":"es","@id":"https:\/\/aeromix.de\/#\/schema\/logo\/image\/","url":"https:\/\/aeromix.de\/wp-content\/uploads\/2017\/02\/cropped-logo_aeromix.png","contentUrl":"https:\/\/aeromix.de\/wp-content\/uploads\/2017\/02\/cropped-logo_aeromix.png","width":506,"height":275,"caption":"Aeromix GmbH"},"image":{"@id":"https:\/\/aeromix.de\/#\/schema\/logo\/image\/"}}]}},"_links":{"self":[{"href":"https:\/\/aeromix.de\/es\/wp-json\/wp\/v2\/pages\/77"}],"collection":[{"href":"https:\/\/aeromix.de\/es\/wp-json\/wp\/v2\/pages"}],"about":[{"href":"https:\/\/aeromix.de\/es\/wp-json\/wp\/v2\/types\/page"}],"author":[{"embeddable":true,"href":"https:\/\/aeromix.de\/es\/wp-json\/wp\/v2\/users\/1"}],"replies":[{"embeddable":true,"href":"https:\/\/aeromix.de\/es\/wp-json\/wp\/v2\/comments?post=77"}],"version-history":[{"count":8,"href":"https:\/\/aeromix.de\/es\/wp-json\/wp\/v2\/pages\/77\/revisions"}],"predecessor-version":[{"id":244,"href":"https:\/\/aeromix.de\/es\/wp-json\/wp\/v2\/pages\/77\/revisions\/244"}],"wp:attachment":[{"href":"https:\/\/aeromix.de\/es\/wp-json\/wp\/v2\/media?parent=77"}],"curies":[{"name":"wp","href":"https:\/\/api.w.org\/{rel}","templated":true}]}}