{"id":11,"date":"2017-02-16T09:24:36","date_gmt":"2017-02-16T08:24:36","guid":{"rendered":"http:\/\/cms.aeromix.de\/?page_id=11"},"modified":"2017-07-05T10:36:52","modified_gmt":"2017-07-05T08:36:52","slug":"ueber-uns","status":"publish","type":"page","link":"https:\/\/aeromix.de\/pl\/ueber-uns\/","title":{"rendered":"O NAS"},"content":{"rendered":"<p>Firma AEROMIX GmbH zosta\u0142a utworzona w 1996 i sta\u0142a si\u0119 znanym na ca\u0142ym \u015bwiecie wiodancym producentem urz\u0105dze\u0144 napowietrzaj\u0105cych. Nasze kierownictwo jest od 1988 roku nie kwestionowanym ekspertem w tym zakresie.<\/p>\n<p>Przy pomocy naszych wykwalifikowanych pracownik\u00f3w, odpowiemy na Pa\u0144stwa indywidualne potrzeby i doradzimy w kwestji mo\u017cliwo\u015bci i wykorzystania naszych maszyn.<\/p>\n<p>&nbsp;<\/p>\n<p><strong>Nasz cel to zadowolony Klient!<\/strong><\/p>\n<p>Z tego powodu k\u0142adziemy szczeg\u00f3lnie du\u017cy nacisk na jako\u015b\u0107 oraz dalszy rozw\u00f3j i ulepszanie naszych produkt\u00f3w. Do budowy i konstrukcji naszych maszyn stosujemy materia\u0142y o najwy\u017cszej jako\u015bci.<\/p>\n<p>&nbsp;<\/p>\n<p>Oferujemy Pa\u0144stwu, wypo\u017cyczenie maszyny (p\u00f3\u0142przemys\u0142owej \u2013 laboratoryjnej) celem sprawdzenia jej mo\u017cliwo\u015bci z kompatybilno\u015bci\u0105 Waszego produktu.<\/p>\n<p>&nbsp;<\/p>\n<p><strong>Fakty<\/strong><\/p>\n<p>&#8211; W ci\u0105gu 20 lat nasza firma zaprojektowa\u0142a, wykona\u0142a i uruchomi\u0142a ponad 400 projekt\u00f3w<br \/>\n&#8211; Znakomita wi\u0119kszo\u015b\u0107 trafi\u0142a do naszych sta\u0142ych odbiorc\u00f3w.<br \/>\n&#8211; Do naszych Klient\u00f3w nale\u017c\u0105 znane w \u015bwiecie koncerny przemys\u0142u spo\u017cywczego.<br \/>\n&#8211; Zdaniem naszych klient\u00f3w \u015bwiadczone przez nas us\u0142ugi nale\u017c\u0105 do najwy\u017cszych i ponadprzeci\u0119tnych.<br \/>\n&#8211; Nasze przedstawicielstwa zagraniczne gwarantuj\u0105 bezpo\u015bredni kontakt \u201ena miejscu\u201c<br \/>\n&#8211; Naszymi klientami s\u0105 zanane \u015bwiatowe koncerny takie jak: Arla Foods, Bakery &amp; Food, Bongrain, Dr. Oetker, Frischli, Nestl\u00e9 \u2026.<\/p>\n<p>&nbsp;<\/p>","protected":false},"excerpt":{"rendered":"<p>Firma AEROMIX GmbH zosta\u0142a utworzona w 1996 i sta\u0142a si\u0119 znanym na ca\u0142ym \u015bwiecie wiodancym producentem urz\u0105dze\u0144 napowietrzaj\u0105cych. Nasze kierownictwo jest od 1988 roku nie kwestionowanym ekspertem w tym zakresie. Przy pomocy naszych wykwalifikowanych pracownik\u00f3w, odpowiemy na Pa\u0144stwa indywidualne potrzeby<\/p>\n","protected":false},"author":1,"featured_media":0,"parent":0,"menu_order":0,"comment_status":"closed","ping_status":"closed","template":"","meta":{"footnotes":""},"yoast_head":"<!-- This site is optimized with the Yoast SEO plugin v21.9 - https:\/\/yoast.com\/wordpress\/plugins\/seo\/ -->\n<title>O NAS - AEROMIX.de<\/title>\n<meta name=\"robots\" content=\"index, follow, max-snippet:-1, max-image-preview:large, max-video-preview:-1\" \/>\n<link rel=\"canonical\" href=\"https:\/\/aeromix.de\/pl\/ueber-uns\/\" \/>\n<meta property=\"og:locale\" content=\"pl_PL\" \/>\n<meta property=\"og:type\" content=\"article\" \/>\n<meta property=\"og:title\" content=\"[:de]\u00dcber Uns[:en]About Us[:pl]O NAS[:es]Sobre nosotros[:] - AEROMIX.de\" \/>\n<meta property=\"og:description\" content=\"Firma AEROMIX GmbH zosta\u0142a utworzona w 1996 i sta\u0142a si\u0119 znanym na ca\u0142ym \u015bwiecie wiodancym producentem urz\u0105dze\u0144 napowietrzaj\u0105cych. Nasze kierownictwo jest od 1988 roku nie kwestionowanym ekspertem w tym zakresie. Przy pomocy naszych wykwalifikowanych pracownik\u00f3w, odpowiemy na Pa\u0144stwa indywidualne potrzeby\" \/>\n<meta property=\"og:url\" content=\"https:\/\/aeromix.de\/pl\/ueber-uns\/\" \/>\n<meta property=\"og:site_name\" content=\"AEROMIX.de\" \/>\n<meta property=\"article:modified_time\" content=\"2017-07-05T08:36:52+00:00\" \/>\n<meta name=\"twitter:card\" content=\"summary_large_image\" \/>\n<meta name=\"twitter:label1\" content=\"Szacowany czas czytania\" \/>\n\t<meta name=\"twitter:data1\" content=\"4 minuty\" \/>\n<script type=\"application\/ld+json\" class=\"yoast-schema-graph\">{\"@context\":\"https:\/\/schema.org\",\"@graph\":[{\"@type\":\"WebPage\",\"@id\":\"https:\/\/aeromix.de\/pl\/ueber-uns\/\",\"url\":\"https:\/\/aeromix.de\/pl\/ueber-uns\/\",\"name\":\"[:de]\u00dcber Uns[:en]About Us[:pl]O NAS[:es]Sobre nosotros[:] - AEROMIX.de\",\"isPartOf\":{\"@id\":\"https:\/\/aeromix.de\/#website\"},\"datePublished\":\"2017-02-16T08:24:36+00:00\",\"dateModified\":\"2017-07-05T08:36:52+00:00\",\"breadcrumb\":{\"@id\":\"https:\/\/aeromix.de\/pl\/ueber-uns\/#breadcrumb\"},\"inLanguage\":\"pl-PL\",\"potentialAction\":[{\"@type\":\"ReadAction\",\"target\":[\"https:\/\/aeromix.de\/pl\/ueber-uns\/\"]}]},{\"@type\":\"BreadcrumbList\",\"@id\":\"https:\/\/aeromix.de\/pl\/ueber-uns\/#breadcrumb\",\"itemListElement\":[{\"@type\":\"ListItem\",\"position\":1,\"name\":\"Startseite\",\"item\":\"https:\/\/aeromix.de\/\"},{\"@type\":\"ListItem\",\"position\":2,\"name\":\"O NAS\"}]},{\"@type\":\"WebSite\",\"@id\":\"https:\/\/aeromix.de\/#website\",\"url\":\"https:\/\/aeromix.de\/\",\"name\":\"AEROMIX.de\",\"description\":\"Aufschlag-Maschinen seit 1996!\",\"publisher\":{\"@id\":\"https:\/\/aeromix.de\/#organization\"},\"potentialAction\":[{\"@type\":\"SearchAction\",\"target\":{\"@type\":\"EntryPoint\",\"urlTemplate\":\"https:\/\/aeromix.de\/?s={search_term_string}\"},\"query-input\":\"required name=search_term_string\"}],\"inLanguage\":\"pl-PL\"},{\"@type\":\"Organization\",\"@id\":\"https:\/\/aeromix.de\/#organization\",\"name\":\"Aeromix GmbH\",\"url\":\"https:\/\/aeromix.de\/\",\"logo\":{\"@type\":\"ImageObject\",\"inLanguage\":\"pl-PL\",\"@id\":\"https:\/\/aeromix.de\/#\/schema\/logo\/image\/\",\"url\":\"https:\/\/aeromix.de\/wp-content\/uploads\/2017\/02\/cropped-logo_aeromix.png\",\"contentUrl\":\"https:\/\/aeromix.de\/wp-content\/uploads\/2017\/02\/cropped-logo_aeromix.png\",\"width\":506,\"height\":275,\"caption\":\"Aeromix GmbH\"},\"image\":{\"@id\":\"https:\/\/aeromix.de\/#\/schema\/logo\/image\/\"}}]}<\/script>\n<!-- \/ Yoast SEO plugin. -->","yoast_head_json":{"title":"[:de]\u00dcber Uns[:en]About Us[:pl]O NAS[:es]Sobre nosotros[:] - AEROMIX.de","robots":{"index":"index","follow":"follow","max-snippet":"max-snippet:-1","max-image-preview":"max-image-preview:large","max-video-preview":"max-video-preview:-1"},"canonical":"https:\/\/aeromix.de\/pl\/ueber-uns\/","og_locale":"pl_PL","og_type":"article","og_title":"[:de]\u00dcber Uns[:en]About Us[:pl]O NAS[:es]Sobre nosotros[:] - AEROMIX.de","og_description":"Firma AEROMIX GmbH zosta\u0142a utworzona w 1996 i sta\u0142a si\u0119 znanym na ca\u0142ym \u015bwiecie wiodancym producentem urz\u0105dze\u0144 napowietrzaj\u0105cych. Nasze kierownictwo jest od 1988 roku nie kwestionowanym ekspertem w tym zakresie. Przy pomocy naszych wykwalifikowanych pracownik\u00f3w, odpowiemy na Pa\u0144stwa indywidualne potrzeby","og_url":"https:\/\/aeromix.de\/pl\/ueber-uns\/","og_site_name":"AEROMIX.de","article_modified_time":"2017-07-05T08:36:52+00:00","twitter_card":"summary_large_image","twitter_misc":{"Szacowany czas czytania":"4 minuty"},"schema":{"@context":"https:\/\/schema.org","@graph":[{"@type":"WebPage","@id":"https:\/\/aeromix.de\/pl\/ueber-uns\/","url":"https:\/\/aeromix.de\/pl\/ueber-uns\/","name":"[:de]\u00dcber Uns[:en]About Us[:pl]O NAS[:es]Sobre nosotros[:] - AEROMIX.de","isPartOf":{"@id":"https:\/\/aeromix.de\/#website"},"datePublished":"2017-02-16T08:24:36+00:00","dateModified":"2017-07-05T08:36:52+00:00","breadcrumb":{"@id":"https:\/\/aeromix.de\/pl\/ueber-uns\/#breadcrumb"},"inLanguage":"pl-PL","potentialAction":[{"@type":"ReadAction","target":["https:\/\/aeromix.de\/pl\/ueber-uns\/"]}]},{"@type":"BreadcrumbList","@id":"https:\/\/aeromix.de\/pl\/ueber-uns\/#breadcrumb","itemListElement":[{"@type":"ListItem","position":1,"name":"Startseite","item":"https:\/\/aeromix.de\/"},{"@type":"ListItem","position":2,"name":"O NAS"}]},{"@type":"WebSite","@id":"https:\/\/aeromix.de\/#website","url":"https:\/\/aeromix.de\/","name":"AEROMIX.de","description":"Aufschlag-Maschinen seit 1996!","publisher":{"@id":"https:\/\/aeromix.de\/#organization"},"potentialAction":[{"@type":"SearchAction","target":{"@type":"EntryPoint","urlTemplate":"https:\/\/aeromix.de\/?s={search_term_string}"},"query-input":"required name=search_term_string"}],"inLanguage":"pl-PL"},{"@type":"Organization","@id":"https:\/\/aeromix.de\/#organization","name":"Aeromix GmbH","url":"https:\/\/aeromix.de\/","logo":{"@type":"ImageObject","inLanguage":"pl-PL","@id":"https:\/\/aeromix.de\/#\/schema\/logo\/image\/","url":"https:\/\/aeromix.de\/wp-content\/uploads\/2017\/02\/cropped-logo_aeromix.png","contentUrl":"https:\/\/aeromix.de\/wp-content\/uploads\/2017\/02\/cropped-logo_aeromix.png","width":506,"height":275,"caption":"Aeromix GmbH"},"image":{"@id":"https:\/\/aeromix.de\/#\/schema\/logo\/image\/"}}]}},"_links":{"self":[{"href":"https:\/\/aeromix.de\/pl\/wp-json\/wp\/v2\/pages\/11"}],"collection":[{"href":"https:\/\/aeromix.de\/pl\/wp-json\/wp\/v2\/pages"}],"about":[{"href":"https:\/\/aeromix.de\/pl\/wp-json\/wp\/v2\/types\/page"}],"author":[{"embeddable":true,"href":"https:\/\/aeromix.de\/pl\/wp-json\/wp\/v2\/users\/1"}],"replies":[{"embeddable":true,"href":"https:\/\/aeromix.de\/pl\/wp-json\/wp\/v2\/comments?post=11"}],"version-history":[{"count":15,"href":"https:\/\/aeromix.de\/pl\/wp-json\/wp\/v2\/pages\/11\/revisions"}],"predecessor-version":[{"id":241,"href":"https:\/\/aeromix.de\/pl\/wp-json\/wp\/v2\/pages\/11\/revisions\/241"}],"wp:attachment":[{"href":"https:\/\/aeromix.de\/pl\/wp-json\/wp\/v2\/media?parent=11"}],"curies":[{"name":"wp","href":"https:\/\/api.w.org\/{rel}","templated":true}]}}