{"id":31,"date":"2017-02-16T09:30:52","date_gmt":"2017-02-16T08:30:52","guid":{"rendered":"http:\/\/cms.aeromix.de\/?page_id=31"},"modified":"2017-07-05T10:56:25","modified_gmt":"2017-07-05T08:56:25","slug":"aero_dym_20","status":"publish","type":"page","link":"https:\/\/aeromix.de\/pl\/produkte\/aero_dym_20\/","title":{"rendered":"AERO DYM 2.0"},"content":{"rendered":"<p><a href=\"https:\/\/aeromix.de\/wp-content\/uploads\/2017\/02\/dym20.png\"><img loading=\"lazy\" decoding=\"async\" class=\"size-large wp-image-199 alignright\" src=\"https:\/\/aeromix.de\/wp-content\/uploads\/2017\/02\/dym20.png\" alt=\"\" width=\"251\" height=\"235\" \/><\/a><\/p>\n<p>Mieszadlo dynamiczne \u201ein line\u201c (mieszad\u0142o \u0142opatkowe) do delikatnego mieszania dwu lub wi\u0119cej produkt\u00f3w (pompowalnych) np. mieszanie napowietrzonego twaro\u017cku i zio\u0142.<\/p>\n<p>Wydajnosc do 4000 l\/h (zale\u017cne od w\u0142\u0105\u015bciwo\u015bci produktu).<\/p>\n<p>Cz\u0119\u015bci stykaj\u0105ce si\u0119 z produktem wykonane ze stali nierdzewnej kwaso-odpornej i sa, elektrolitycznie polerowane.<\/p>\n<p>Wejscie i wyjscie produktu od rozmiaru DN25 do DN65<\/p>\n<p>Wa\u0142 mieszadla jest podw\u00f3jnie \u0142o\u017cyskowane.<\/p>\n<p>Pojedyncza uszczelka slizgowa do uszczelnienie wa\u0142u.<\/p>\n<p>Os\u0142ona silnika oraz stelarz mieszad\u0142a wykonane s\u0105 ze stali nierdzewnej.<\/p>\n<p>Silnik elektryczny z przekladnia zebatom i wewnetrznym czujnikiem temperatury PTC sterowany falownikiem.<\/p>\n<p>&nbsp;<\/p>\n<p><a href=\"https:\/\/aeromix.de\/wp-content\/uploads\/2017\/02\/dym20_1.png\"><img loading=\"lazy\" decoding=\"async\" class=\"size-full wp-image-198 aligncenter\" src=\"https:\/\/aeromix.de\/wp-content\/uploads\/2017\/02\/dym20_1.png\" alt=\"\" width=\"760\" height=\"261\" srcset=\"https:\/\/aeromix.de\/wp-content\/uploads\/2017\/02\/dym20_1.png 760w, https:\/\/aeromix.de\/wp-content\/uploads\/2017\/02\/dym20_1-500x172.png 500w\" sizes=\"(max-width: 760px) 100vw, 760px\" \/><\/a><\/p>","protected":false},"excerpt":{"rendered":"<p>Mieszadlo dynamiczne \u201ein line\u201c (mieszad\u0142o \u0142opatkowe) do delikatnego mieszania dwu lub wi\u0119cej produkt\u00f3w (pompowalnych) np. mieszanie napowietrzonego twaro\u017cku i zio\u0142. Wydajnosc do 4000 l\/h (zale\u017cne od w\u0142\u0105\u015bciwo\u015bci produktu). Cz\u0119\u015bci stykaj\u0105ce si\u0119 z produktem wykonane ze stali nierdzewnej kwaso-odpornej i sa,<\/p>\n","protected":false},"author":1,"featured_media":0,"parent":13,"menu_order":0,"comment_status":"closed","ping_status":"closed","template":"","meta":{"footnotes":""},"yoast_head":"<!-- This site is optimized with the Yoast SEO plugin v21.9 - https:\/\/yoast.com\/wordpress\/plugins\/seo\/ -->\n<title>AERO DYM 2.0 - AEROMIX.de<\/title>\n<meta name=\"robots\" content=\"index, follow, max-snippet:-1, max-image-preview:large, max-video-preview:-1\" \/>\n<link rel=\"canonical\" href=\"https:\/\/aeromix.de\/es\/produkte\/aero_dym_20\/\" \/>\n<meta property=\"og:locale\" content=\"pl_PL\" \/>\n<meta property=\"og:type\" content=\"article\" \/>\n<meta property=\"og:title\" content=\"AERO DYM 2.0 - AEROMIX.de\" \/>\n<meta property=\"og:description\" content=\"Mieszadlo dynamiczne \u201ein line\u201c (mieszad\u0142o \u0142opatkowe) do delikatnego mieszania dwu lub wi\u0119cej produkt\u00f3w (pompowalnych) np. mieszanie napowietrzonego twaro\u017cku i zio\u0142. Wydajnosc do 4000 l\/h (zale\u017cne od w\u0142\u0105\u015bciwo\u015bci produktu). Cz\u0119\u015bci stykaj\u0105ce si\u0119 z produktem wykonane ze stali nierdzewnej kwaso-odpornej i sa,\" \/>\n<meta property=\"og:url\" content=\"https:\/\/aeromix.de\/es\/produkte\/aero_dym_20\/\" \/>\n<meta property=\"og:site_name\" content=\"AEROMIX.de\" \/>\n<meta property=\"article:modified_time\" content=\"2017-07-05T08:56:25+00:00\" \/>\n<meta property=\"og:image\" content=\"https:\/\/aeromix.de\/wp-content\/uploads\/2017\/02\/dym20.png\" \/>\n<meta name=\"twitter:card\" content=\"summary_large_image\" \/>\n<meta name=\"twitter:label1\" content=\"Szacowany czas czytania\" \/>\n\t<meta name=\"twitter:data1\" content=\"2 minuty\" \/>\n<script type=\"application\/ld+json\" class=\"yoast-schema-graph\">{\"@context\":\"https:\/\/schema.org\",\"@graph\":[{\"@type\":\"WebPage\",\"@id\":\"https:\/\/aeromix.de\/es\/produkte\/aero_dym_20\/\",\"url\":\"https:\/\/aeromix.de\/es\/produkte\/aero_dym_20\/\",\"name\":\"AERO DYM 2.0 - AEROMIX.de\",\"isPartOf\":{\"@id\":\"https:\/\/aeromix.de\/#website\"},\"datePublished\":\"2017-02-16T08:30:52+00:00\",\"dateModified\":\"2017-07-05T08:56:25+00:00\",\"breadcrumb\":{\"@id\":\"https:\/\/aeromix.de\/es\/produkte\/aero_dym_20\/#breadcrumb\"},\"inLanguage\":\"pl-PL\",\"potentialAction\":[{\"@type\":\"ReadAction\",\"target\":[\"https:\/\/aeromix.de\/es\/produkte\/aero_dym_20\/\"]}]},{\"@type\":\"BreadcrumbList\",\"@id\":\"https:\/\/aeromix.de\/es\/produkte\/aero_dym_20\/#breadcrumb\",\"itemListElement\":[{\"@type\":\"ListItem\",\"position\":1,\"name\":\"Startseite\",\"item\":\"https:\/\/aeromix.de\/\"},{\"@type\":\"ListItem\",\"position\":2,\"name\":\"Productos\",\"item\":\"https:\/\/aeromix.de\/es\/produkte\/\"},{\"@type\":\"ListItem\",\"position\":3,\"name\":\"AERO DYM 2.0\"}]},{\"@type\":\"WebSite\",\"@id\":\"https:\/\/aeromix.de\/#website\",\"url\":\"https:\/\/aeromix.de\/\",\"name\":\"AEROMIX.de\",\"description\":\"Aufschlag-Maschinen seit 1996!\",\"publisher\":{\"@id\":\"https:\/\/aeromix.de\/#organization\"},\"potentialAction\":[{\"@type\":\"SearchAction\",\"target\":{\"@type\":\"EntryPoint\",\"urlTemplate\":\"https:\/\/aeromix.de\/?s={search_term_string}\"},\"query-input\":\"required name=search_term_string\"}],\"inLanguage\":\"pl-PL\"},{\"@type\":\"Organization\",\"@id\":\"https:\/\/aeromix.de\/#organization\",\"name\":\"Aeromix GmbH\",\"url\":\"https:\/\/aeromix.de\/\",\"logo\":{\"@type\":\"ImageObject\",\"inLanguage\":\"pl-PL\",\"@id\":\"https:\/\/aeromix.de\/#\/schema\/logo\/image\/\",\"url\":\"https:\/\/aeromix.de\/wp-content\/uploads\/2017\/02\/cropped-logo_aeromix.png\",\"contentUrl\":\"https:\/\/aeromix.de\/wp-content\/uploads\/2017\/02\/cropped-logo_aeromix.png\",\"width\":506,\"height\":275,\"caption\":\"Aeromix GmbH\"},\"image\":{\"@id\":\"https:\/\/aeromix.de\/#\/schema\/logo\/image\/\"}}]}<\/script>\n<!-- \/ Yoast SEO plugin. -->","yoast_head_json":{"title":"AERO DYM 2.0 - AEROMIX.de","robots":{"index":"index","follow":"follow","max-snippet":"max-snippet:-1","max-image-preview":"max-image-preview:large","max-video-preview":"max-video-preview:-1"},"canonical":"https:\/\/aeromix.de\/es\/produkte\/aero_dym_20\/","og_locale":"pl_PL","og_type":"article","og_title":"AERO DYM 2.0 - AEROMIX.de","og_description":"Mieszadlo dynamiczne \u201ein line\u201c (mieszad\u0142o \u0142opatkowe) do delikatnego mieszania dwu lub wi\u0119cej produkt\u00f3w (pompowalnych) np. mieszanie napowietrzonego twaro\u017cku i zio\u0142. Wydajnosc do 4000 l\/h (zale\u017cne od w\u0142\u0105\u015bciwo\u015bci produktu). Cz\u0119\u015bci stykaj\u0105ce si\u0119 z produktem wykonane ze stali nierdzewnej kwaso-odpornej i sa,","og_url":"https:\/\/aeromix.de\/es\/produkte\/aero_dym_20\/","og_site_name":"AEROMIX.de","article_modified_time":"2017-07-05T08:56:25+00:00","og_image":[{"url":"https:\/\/aeromix.de\/wp-content\/uploads\/2017\/02\/dym20.png"}],"twitter_card":"summary_large_image","twitter_misc":{"Szacowany czas czytania":"2 minuty"},"schema":{"@context":"https:\/\/schema.org","@graph":[{"@type":"WebPage","@id":"https:\/\/aeromix.de\/es\/produkte\/aero_dym_20\/","url":"https:\/\/aeromix.de\/es\/produkte\/aero_dym_20\/","name":"AERO DYM 2.0 - AEROMIX.de","isPartOf":{"@id":"https:\/\/aeromix.de\/#website"},"datePublished":"2017-02-16T08:30:52+00:00","dateModified":"2017-07-05T08:56:25+00:00","breadcrumb":{"@id":"https:\/\/aeromix.de\/es\/produkte\/aero_dym_20\/#breadcrumb"},"inLanguage":"pl-PL","potentialAction":[{"@type":"ReadAction","target":["https:\/\/aeromix.de\/es\/produkte\/aero_dym_20\/"]}]},{"@type":"BreadcrumbList","@id":"https:\/\/aeromix.de\/es\/produkte\/aero_dym_20\/#breadcrumb","itemListElement":[{"@type":"ListItem","position":1,"name":"Startseite","item":"https:\/\/aeromix.de\/"},{"@type":"ListItem","position":2,"name":"Productos","item":"https:\/\/aeromix.de\/es\/produkte\/"},{"@type":"ListItem","position":3,"name":"AERO DYM 2.0"}]},{"@type":"WebSite","@id":"https:\/\/aeromix.de\/#website","url":"https:\/\/aeromix.de\/","name":"AEROMIX.de","description":"Aufschlag-Maschinen seit 1996!","publisher":{"@id":"https:\/\/aeromix.de\/#organization"},"potentialAction":[{"@type":"SearchAction","target":{"@type":"EntryPoint","urlTemplate":"https:\/\/aeromix.de\/?s={search_term_string}"},"query-input":"required name=search_term_string"}],"inLanguage":"pl-PL"},{"@type":"Organization","@id":"https:\/\/aeromix.de\/#organization","name":"Aeromix GmbH","url":"https:\/\/aeromix.de\/","logo":{"@type":"ImageObject","inLanguage":"pl-PL","@id":"https:\/\/aeromix.de\/#\/schema\/logo\/image\/","url":"https:\/\/aeromix.de\/wp-content\/uploads\/2017\/02\/cropped-logo_aeromix.png","contentUrl":"https:\/\/aeromix.de\/wp-content\/uploads\/2017\/02\/cropped-logo_aeromix.png","width":506,"height":275,"caption":"Aeromix GmbH"},"image":{"@id":"https:\/\/aeromix.de\/#\/schema\/logo\/image\/"}}]}},"_links":{"self":[{"href":"https:\/\/aeromix.de\/pl\/wp-json\/wp\/v2\/pages\/31"}],"collection":[{"href":"https:\/\/aeromix.de\/pl\/wp-json\/wp\/v2\/pages"}],"about":[{"href":"https:\/\/aeromix.de\/pl\/wp-json\/wp\/v2\/types\/page"}],"author":[{"embeddable":true,"href":"https:\/\/aeromix.de\/pl\/wp-json\/wp\/v2\/users\/1"}],"replies":[{"embeddable":true,"href":"https:\/\/aeromix.de\/pl\/wp-json\/wp\/v2\/comments?post=31"}],"version-history":[{"count":5,"href":"https:\/\/aeromix.de\/pl\/wp-json\/wp\/v2\/pages\/31\/revisions"}],"predecessor-version":[{"id":260,"href":"https:\/\/aeromix.de\/pl\/wp-json\/wp\/v2\/pages\/31\/revisions\/260"}],"up":[{"embeddable":true,"href":"https:\/\/aeromix.de\/pl\/wp-json\/wp\/v2\/pages\/13"}],"wp:attachment":[{"href":"https:\/\/aeromix.de\/pl\/wp-json\/wp\/v2\/media?parent=31"}],"curies":[{"name":"wp","href":"https:\/\/api.w.org\/{rel}","templated":true}]}}