{"id":50,"date":"2017-02-16T09:47:32","date_gmt":"2017-02-16T08:47:32","guid":{"rendered":"http:\/\/cms.aeromix.de\/?page_id=50"},"modified":"2018-05-24T07:06:45","modified_gmt":"2018-05-24T05:06:45","slug":"home","status":"publish","type":"page","link":"https:\/\/aeromix.de\/pl\/","title":{"rendered":"Home"},"content":{"rendered":"<p><\/p>\n<h2>Serdecznie witamy Pa\u0144stwa w firmie AEROMIX Misch- und Aufschlagtechnik GmbH \u2013 technologia mieszania i napowietrzania<\/h2>\n<p>\u201eDo\u015bwiadczenie \u2013 Innowacja \u2013 Jako\u015b\u0107 \u201e &#8211; jest nasz\u0105 g\u0142\u00f3wn\u0105 dewiz\u0105 po kt\u00f3rej jeste\u015bmy rozpoznawani i identyfikowni<\/p>\n<p>Od lat jeste\u015bmy kompetentnym partnerem dla Pa\u0144stwa firmy w zakresie konstrukcji i produkcji maszyn napowietrzaj\u0105cych (inne nazwy to: napowietrzacze, generatory piany, spieniacze przemys\u0142owe miksery, areatory) oraz urz\u0105dze\u0144 mieszaj\u0105cych dla przemys\u0142\u00f3w spo\u017cywczych, tekstylnych oraz przemys\u0142u tworzyw sztucznych.<\/p>\n<p>Je\u017celi macie Pa\u0144stwo uwagi lub pytania co do naszych produkt\u00f3w lub \u017cyczycie sobie dalszych informacji i potrzebujecie si\u0119 z nami skontaktowa\u0107 prosimy klikn\u0105c na \u201e<a href=\"https:\/\/aeromix.de\/kontakt\/\">Kontakt<\/a>\u201c na tej stronie.<\/p>\n<p>&nbsp;<\/p>\n<h4>Dzi\u0119kujemy uprzejmie za odwiedzenie naszej strony. Cieszymy si\u0119, \u017ce mo\u017cemy Pa\u0144stwu pom\u00f3c.<\/h4>\n<p>&nbsp;<\/p>\n<p><img loading=\"lazy\" decoding=\"async\" class=\"size-full wp-image-162 aligncenter\" src=\"https:\/\/aeromix.de\/wp-content\/uploads\/2017\/02\/home_pic.png\" alt=\"\" width=\"439\" height=\"507\" srcset=\"https:\/\/aeromix.de\/wp-content\/uploads\/2017\/02\/home_pic.png 439w, https:\/\/aeromix.de\/wp-content\/uploads\/2017\/02\/home_pic-433x500.png 433w\" sizes=\"(max-width: 439px) 100vw, 439px\" \/><\/p>\n<h2><\/h2>\n<p><\/p>","protected":false},"excerpt":{"rendered":"<p>Serdecznie witamy Pa\u0144stwa w firmie AEROMIX Misch- und Aufschlagtechnik GmbH \u2013 technologia mieszania i napowietrzania \u201eDo\u015bwiadczenie \u2013 Innowacja \u2013 Jako\u015b\u0107 \u201e &#8211; jest nasz\u0105 g\u0142\u00f3wn\u0105 dewiz\u0105 po kt\u00f3rej jeste\u015bmy rozpoznawani i identyfikowni Od lat jeste\u015bmy kompetentnym partnerem dla Pa\u0144stwa firmy<\/p>\n","protected":false},"author":1,"featured_media":0,"parent":0,"menu_order":0,"comment_status":"closed","ping_status":"closed","template":"","meta":{"footnotes":""},"yoast_head":"<!-- This site is optimized with the Yoast SEO plugin v21.9 - https:\/\/yoast.com\/wordpress\/plugins\/seo\/ -->\n<title>Home - AEROMIX.de<\/title>\n<meta name=\"robots\" content=\"index, follow, max-snippet:-1, max-image-preview:large, max-video-preview:-1\" \/>\n<link rel=\"canonical\" href=\"https:\/\/aeromix.de\/\" \/>\n<meta property=\"og:locale\" content=\"pl_PL\" \/>\n<meta property=\"og:type\" content=\"article\" \/>\n<meta property=\"og:title\" content=\"Home - AEROMIX.de\" \/>\n<meta property=\"og:description\" content=\"Serdecznie witamy Pa\u0144stwa w firmie AEROMIX Misch- und Aufschlagtechnik GmbH \u2013 technologia mieszania i napowietrzania \u201eDo\u015bwiadczenie \u2013 Innowacja \u2013 Jako\u015b\u0107 \u201e &#8211; jest nasz\u0105 g\u0142\u00f3wn\u0105 dewiz\u0105 po kt\u00f3rej jeste\u015bmy rozpoznawani i identyfikowni Od lat jeste\u015bmy kompetentnym partnerem dla Pa\u0144stwa firmy\" \/>\n<meta property=\"og:url\" content=\"https:\/\/aeromix.de\/\" \/>\n<meta property=\"og:site_name\" content=\"AEROMIX.de\" \/>\n<meta property=\"article:modified_time\" content=\"2018-05-24T05:06:45+00:00\" \/>\n<meta property=\"og:image\" content=\"https:\/\/aeromix.de\/wp-content\/uploads\/2017\/02\/home_pic.png\" \/>\n<meta name=\"twitter:card\" content=\"summary_large_image\" \/>\n<meta name=\"twitter:label1\" content=\"Szacowany czas czytania\" \/>\n\t<meta name=\"twitter:data1\" content=\"2 minuty\" \/>\n<script type=\"application\/ld+json\" class=\"yoast-schema-graph\">{\"@context\":\"https:\/\/schema.org\",\"@graph\":[{\"@type\":\"WebPage\",\"@id\":\"https:\/\/aeromix.de\/\",\"url\":\"https:\/\/aeromix.de\/\",\"name\":\"Home - AEROMIX.de\",\"isPartOf\":{\"@id\":\"https:\/\/aeromix.de\/#website\"},\"datePublished\":\"2017-02-16T08:47:32+00:00\",\"dateModified\":\"2018-05-24T05:06:45+00:00\",\"breadcrumb\":{\"@id\":\"https:\/\/aeromix.de\/#breadcrumb\"},\"inLanguage\":\"pl-PL\",\"potentialAction\":[{\"@type\":\"ReadAction\",\"target\":[\"https:\/\/aeromix.de\/\"]}]},{\"@type\":\"BreadcrumbList\",\"@id\":\"https:\/\/aeromix.de\/#breadcrumb\",\"itemListElement\":[{\"@type\":\"ListItem\",\"position\":1,\"name\":\"Startseite\",\"item\":\"https:\/\/aeromix.de\/\"},{\"@type\":\"ListItem\",\"position\":2,\"name\":\"Home\"}]},{\"@type\":\"WebSite\",\"@id\":\"https:\/\/aeromix.de\/#website\",\"url\":\"https:\/\/aeromix.de\/\",\"name\":\"AEROMIX.de\",\"description\":\"Aufschlag-Maschinen seit 1996!\",\"publisher\":{\"@id\":\"https:\/\/aeromix.de\/#organization\"},\"potentialAction\":[{\"@type\":\"SearchAction\",\"target\":{\"@type\":\"EntryPoint\",\"urlTemplate\":\"https:\/\/aeromix.de\/?s={search_term_string}\"},\"query-input\":\"required name=search_term_string\"}],\"inLanguage\":\"pl-PL\"},{\"@type\":\"Organization\",\"@id\":\"https:\/\/aeromix.de\/#organization\",\"name\":\"Aeromix GmbH\",\"url\":\"https:\/\/aeromix.de\/\",\"logo\":{\"@type\":\"ImageObject\",\"inLanguage\":\"pl-PL\",\"@id\":\"https:\/\/aeromix.de\/#\/schema\/logo\/image\/\",\"url\":\"https:\/\/aeromix.de\/wp-content\/uploads\/2017\/02\/cropped-logo_aeromix.png\",\"contentUrl\":\"https:\/\/aeromix.de\/wp-content\/uploads\/2017\/02\/cropped-logo_aeromix.png\",\"width\":506,\"height\":275,\"caption\":\"Aeromix GmbH\"},\"image\":{\"@id\":\"https:\/\/aeromix.de\/#\/schema\/logo\/image\/\"}}]}<\/script>\n<!-- \/ Yoast SEO plugin. -->","yoast_head_json":{"title":"Home - AEROMIX.de","robots":{"index":"index","follow":"follow","max-snippet":"max-snippet:-1","max-image-preview":"max-image-preview:large","max-video-preview":"max-video-preview:-1"},"canonical":"https:\/\/aeromix.de\/","og_locale":"pl_PL","og_type":"article","og_title":"Home - AEROMIX.de","og_description":"Serdecznie witamy Pa\u0144stwa w firmie AEROMIX Misch- und Aufschlagtechnik GmbH \u2013 technologia mieszania i napowietrzania \u201eDo\u015bwiadczenie \u2013 Innowacja \u2013 Jako\u015b\u0107 \u201e &#8211; jest nasz\u0105 g\u0142\u00f3wn\u0105 dewiz\u0105 po kt\u00f3rej jeste\u015bmy rozpoznawani i identyfikowni Od lat jeste\u015bmy kompetentnym partnerem dla Pa\u0144stwa firmy","og_url":"https:\/\/aeromix.de\/","og_site_name":"AEROMIX.de","article_modified_time":"2018-05-24T05:06:45+00:00","og_image":[{"url":"https:\/\/aeromix.de\/wp-content\/uploads\/2017\/02\/home_pic.png"}],"twitter_card":"summary_large_image","twitter_misc":{"Szacowany czas czytania":"2 minuty"},"schema":{"@context":"https:\/\/schema.org","@graph":[{"@type":"WebPage","@id":"https:\/\/aeromix.de\/","url":"https:\/\/aeromix.de\/","name":"Home - AEROMIX.de","isPartOf":{"@id":"https:\/\/aeromix.de\/#website"},"datePublished":"2017-02-16T08:47:32+00:00","dateModified":"2018-05-24T05:06:45+00:00","breadcrumb":{"@id":"https:\/\/aeromix.de\/#breadcrumb"},"inLanguage":"pl-PL","potentialAction":[{"@type":"ReadAction","target":["https:\/\/aeromix.de\/"]}]},{"@type":"BreadcrumbList","@id":"https:\/\/aeromix.de\/#breadcrumb","itemListElement":[{"@type":"ListItem","position":1,"name":"Startseite","item":"https:\/\/aeromix.de\/"},{"@type":"ListItem","position":2,"name":"Home"}]},{"@type":"WebSite","@id":"https:\/\/aeromix.de\/#website","url":"https:\/\/aeromix.de\/","name":"AEROMIX.de","description":"Aufschlag-Maschinen seit 1996!","publisher":{"@id":"https:\/\/aeromix.de\/#organization"},"potentialAction":[{"@type":"SearchAction","target":{"@type":"EntryPoint","urlTemplate":"https:\/\/aeromix.de\/?s={search_term_string}"},"query-input":"required name=search_term_string"}],"inLanguage":"pl-PL"},{"@type":"Organization","@id":"https:\/\/aeromix.de\/#organization","name":"Aeromix GmbH","url":"https:\/\/aeromix.de\/","logo":{"@type":"ImageObject","inLanguage":"pl-PL","@id":"https:\/\/aeromix.de\/#\/schema\/logo\/image\/","url":"https:\/\/aeromix.de\/wp-content\/uploads\/2017\/02\/cropped-logo_aeromix.png","contentUrl":"https:\/\/aeromix.de\/wp-content\/uploads\/2017\/02\/cropped-logo_aeromix.png","width":506,"height":275,"caption":"Aeromix GmbH"},"image":{"@id":"https:\/\/aeromix.de\/#\/schema\/logo\/image\/"}}]}},"_links":{"self":[{"href":"https:\/\/aeromix.de\/pl\/wp-json\/wp\/v2\/pages\/50"}],"collection":[{"href":"https:\/\/aeromix.de\/pl\/wp-json\/wp\/v2\/pages"}],"about":[{"href":"https:\/\/aeromix.de\/pl\/wp-json\/wp\/v2\/types\/page"}],"author":[{"embeddable":true,"href":"https:\/\/aeromix.de\/pl\/wp-json\/wp\/v2\/users\/1"}],"replies":[{"embeddable":true,"href":"https:\/\/aeromix.de\/pl\/wp-json\/wp\/v2\/comments?post=50"}],"version-history":[{"count":15,"href":"https:\/\/aeromix.de\/pl\/wp-json\/wp\/v2\/pages\/50\/revisions"}],"predecessor-version":[{"id":275,"href":"https:\/\/aeromix.de\/pl\/wp-json\/wp\/v2\/pages\/50\/revisions\/275"}],"wp:attachment":[{"href":"https:\/\/aeromix.de\/pl\/wp-json\/wp\/v2\/media?parent=50"}],"curies":[{"name":"wp","href":"https:\/\/api.w.org\/{rel}","templated":true}]}}