{"id":77,"date":"2017-03-07T13:24:13","date_gmt":"2017-03-07T12:24:13","guid":{"rendered":"http:\/\/cms.aeromix.de\/?page_id=77"},"modified":"2017-07-05T10:39:13","modified_gmt":"2017-07-05T08:39:13","slug":"einsatzgebiete","status":"publish","type":"page","link":"https:\/\/aeromix.de\/pl\/einsatzgebiete\/","title":{"rendered":"Obszary zastosowa\u0144"},"content":{"rendered":"<p><strong>Obszary i mo\u017cliwo\u015bci wykorzystania naszych maszyn:<\/strong><\/p>\n<p>&nbsp;<\/p>\n<ol>\n<li><strong>W przemy\u015ble spo\u017cywczym:<\/strong><\/li>\n<\/ol>\n<ol>\n<li style=\"list-style-type: none;\">\n<ul>\n<li>Mleczarstwo &#8211; napowietrzanie jogurt\u00f3w, \u015bmietany, \u015bwie\u017cych twaro\u017ck\u00f3w, budyni\u00f3w, mus\u00f3w oraz szeregu innych mo\u017cliwo\u015bci wzbogacania produkt\u00f3w.<\/li>\n<li>Cukiernictwo i piekarnictwo &#8211; napowietrzanie i ujednorodnienie ciasta biszkoptowego, piaszczystego na herbatniki i ciastka wiede\u0144skie, serniki oraz bit\u0105 \u015bmietan\u0119.<\/li>\n<li>Wytwarzanie dressing\u00f3w do sa\u0142atek, majonez\u00f3w, sos\u00f3w itp.<\/li>\n<li>Produkcja kawy<\/li>\n<\/ul>\n<\/li>\n<\/ol>\n<ol start=\"2\">\n<li><strong>W przemy\u015ble chemicznym:<\/strong><\/li>\n<\/ol>\n<ol>\n<li style=\"list-style-type: none;\">\n<ul>\n<li>Napowietrzanie i mieszanie komponentow z Latexu, krem\u00f3w, past, klej\u00f3w.<\/li>\n<\/ul>\n<\/li>\n<\/ol>\n<p>&nbsp;<\/p>\n<p>Dodatkowe punkty wtryskowe w g\u0142owicy mieszaj\u0105cej dla dozowania np, \u017celatyny, mieszanek ziol lub innych komponent\u00f3w (pompowalnych).<\/p>","protected":false},"excerpt":{"rendered":"<p>Obszary i mo\u017cliwo\u015bci wykorzystania naszych maszyn: &nbsp; W przemy\u015ble spo\u017cywczym: Mleczarstwo &#8211; napowietrzanie jogurt\u00f3w, \u015bmietany, \u015bwie\u017cych twaro\u017ck\u00f3w, budyni\u00f3w, mus\u00f3w oraz szeregu innych mo\u017cliwo\u015bci wzbogacania produkt\u00f3w. Cukiernictwo i piekarnictwo &#8211; napowietrzanie i ujednorodnienie ciasta biszkoptowego, piaszczystego na herbatniki i ciastka wiede\u0144skie,<\/p>\n","protected":false},"author":1,"featured_media":0,"parent":0,"menu_order":0,"comment_status":"closed","ping_status":"closed","template":"","meta":{"footnotes":""},"yoast_head":"<!-- This site is optimized with the Yoast SEO plugin v21.9 - https:\/\/yoast.com\/wordpress\/plugins\/seo\/ -->\n<title>Obszary zastosowa\u0144 - AEROMIX.de<\/title>\n<meta name=\"robots\" content=\"index, follow, max-snippet:-1, max-image-preview:large, max-video-preview:-1\" \/>\n<link rel=\"canonical\" href=\"https:\/\/aeromix.de\/einsatzgebiete\/\" \/>\n<meta property=\"og:locale\" content=\"pl_PL\" \/>\n<meta property=\"og:type\" content=\"article\" \/>\n<meta property=\"og:title\" content=\"[:de]Einsatzgebiete[:en]Areas of applications[:pl]Obszary zastosowa\u0144[:es]\u00c1reas de aplicaci\u00f3n[:] - AEROMIX.de\" \/>\n<meta property=\"og:description\" content=\"Obszary i mo\u017cliwo\u015bci wykorzystania naszych maszyn: &nbsp; W przemy\u015ble spo\u017cywczym: Mleczarstwo &#8211; napowietrzanie jogurt\u00f3w, \u015bmietany, \u015bwie\u017cych twaro\u017ck\u00f3w, budyni\u00f3w, mus\u00f3w oraz szeregu innych mo\u017cliwo\u015bci wzbogacania produkt\u00f3w. Cukiernictwo i piekarnictwo &#8211; napowietrzanie i ujednorodnienie ciasta biszkoptowego, piaszczystego na herbatniki i ciastka wiede\u0144skie,\" \/>\n<meta property=\"og:url\" content=\"https:\/\/aeromix.de\/einsatzgebiete\/\" \/>\n<meta property=\"og:site_name\" content=\"AEROMIX.de\" \/>\n<meta property=\"article:modified_time\" content=\"2017-07-05T08:39:13+00:00\" \/>\n<meta name=\"twitter:card\" content=\"summary_large_image\" \/>\n<meta name=\"twitter:label1\" content=\"Szacowany czas czytania\" \/>\n\t<meta name=\"twitter:data1\" content=\"2 minuty\" \/>\n<script type=\"application\/ld+json\" class=\"yoast-schema-graph\">{\"@context\":\"https:\/\/schema.org\",\"@graph\":[{\"@type\":\"WebPage\",\"@id\":\"https:\/\/aeromix.de\/einsatzgebiete\/\",\"url\":\"https:\/\/aeromix.de\/einsatzgebiete\/\",\"name\":\"[:de]Einsatzgebiete[:en]Areas of applications[:pl]Obszary zastosowa\u0144[:es]\u00c1reas de aplicaci\u00f3n[:] - AEROMIX.de\",\"isPartOf\":{\"@id\":\"https:\/\/aeromix.de\/#website\"},\"datePublished\":\"2017-03-07T12:24:13+00:00\",\"dateModified\":\"2017-07-05T08:39:13+00:00\",\"breadcrumb\":{\"@id\":\"https:\/\/aeromix.de\/einsatzgebiete\/#breadcrumb\"},\"inLanguage\":\"pl-PL\",\"potentialAction\":[{\"@type\":\"ReadAction\",\"target\":[\"https:\/\/aeromix.de\/einsatzgebiete\/\"]}]},{\"@type\":\"BreadcrumbList\",\"@id\":\"https:\/\/aeromix.de\/einsatzgebiete\/#breadcrumb\",\"itemListElement\":[{\"@type\":\"ListItem\",\"position\":1,\"name\":\"Startseite\",\"item\":\"https:\/\/aeromix.de\/\"},{\"@type\":\"ListItem\",\"position\":2,\"name\":\"Einsatzgebiete\"}]},{\"@type\":\"WebSite\",\"@id\":\"https:\/\/aeromix.de\/#website\",\"url\":\"https:\/\/aeromix.de\/\",\"name\":\"AEROMIX.de\",\"description\":\"Aufschlag-Maschinen seit 1996!\",\"publisher\":{\"@id\":\"https:\/\/aeromix.de\/#organization\"},\"potentialAction\":[{\"@type\":\"SearchAction\",\"target\":{\"@type\":\"EntryPoint\",\"urlTemplate\":\"https:\/\/aeromix.de\/?s={search_term_string}\"},\"query-input\":\"required name=search_term_string\"}],\"inLanguage\":\"pl-PL\"},{\"@type\":\"Organization\",\"@id\":\"https:\/\/aeromix.de\/#organization\",\"name\":\"Aeromix GmbH\",\"url\":\"https:\/\/aeromix.de\/\",\"logo\":{\"@type\":\"ImageObject\",\"inLanguage\":\"pl-PL\",\"@id\":\"https:\/\/aeromix.de\/#\/schema\/logo\/image\/\",\"url\":\"https:\/\/aeromix.de\/wp-content\/uploads\/2017\/02\/cropped-logo_aeromix.png\",\"contentUrl\":\"https:\/\/aeromix.de\/wp-content\/uploads\/2017\/02\/cropped-logo_aeromix.png\",\"width\":506,\"height\":275,\"caption\":\"Aeromix GmbH\"},\"image\":{\"@id\":\"https:\/\/aeromix.de\/#\/schema\/logo\/image\/\"}}]}<\/script>\n<!-- \/ Yoast SEO plugin. -->","yoast_head_json":{"title":"[:de]Einsatzgebiete[:en]Areas of applications[:pl]Obszary zastosowa\u0144[:es]\u00c1reas de aplicaci\u00f3n[:] - AEROMIX.de","robots":{"index":"index","follow":"follow","max-snippet":"max-snippet:-1","max-image-preview":"max-image-preview:large","max-video-preview":"max-video-preview:-1"},"canonical":"https:\/\/aeromix.de\/einsatzgebiete\/","og_locale":"pl_PL","og_type":"article","og_title":"[:de]Einsatzgebiete[:en]Areas of applications[:pl]Obszary zastosowa\u0144[:es]\u00c1reas de aplicaci\u00f3n[:] - AEROMIX.de","og_description":"Obszary i mo\u017cliwo\u015bci wykorzystania naszych maszyn: &nbsp; W przemy\u015ble spo\u017cywczym: Mleczarstwo &#8211; napowietrzanie jogurt\u00f3w, \u015bmietany, \u015bwie\u017cych twaro\u017ck\u00f3w, budyni\u00f3w, mus\u00f3w oraz szeregu innych mo\u017cliwo\u015bci wzbogacania produkt\u00f3w. Cukiernictwo i piekarnictwo &#8211; napowietrzanie i ujednorodnienie ciasta biszkoptowego, piaszczystego na herbatniki i ciastka wiede\u0144skie,","og_url":"https:\/\/aeromix.de\/einsatzgebiete\/","og_site_name":"AEROMIX.de","article_modified_time":"2017-07-05T08:39:13+00:00","twitter_card":"summary_large_image","twitter_misc":{"Szacowany czas czytania":"2 minuty"},"schema":{"@context":"https:\/\/schema.org","@graph":[{"@type":"WebPage","@id":"https:\/\/aeromix.de\/einsatzgebiete\/","url":"https:\/\/aeromix.de\/einsatzgebiete\/","name":"[:de]Einsatzgebiete[:en]Areas of applications[:pl]Obszary zastosowa\u0144[:es]\u00c1reas de aplicaci\u00f3n[:] - AEROMIX.de","isPartOf":{"@id":"https:\/\/aeromix.de\/#website"},"datePublished":"2017-03-07T12:24:13+00:00","dateModified":"2017-07-05T08:39:13+00:00","breadcrumb":{"@id":"https:\/\/aeromix.de\/einsatzgebiete\/#breadcrumb"},"inLanguage":"pl-PL","potentialAction":[{"@type":"ReadAction","target":["https:\/\/aeromix.de\/einsatzgebiete\/"]}]},{"@type":"BreadcrumbList","@id":"https:\/\/aeromix.de\/einsatzgebiete\/#breadcrumb","itemListElement":[{"@type":"ListItem","position":1,"name":"Startseite","item":"https:\/\/aeromix.de\/"},{"@type":"ListItem","position":2,"name":"Einsatzgebiete"}]},{"@type":"WebSite","@id":"https:\/\/aeromix.de\/#website","url":"https:\/\/aeromix.de\/","name":"AEROMIX.de","description":"Aufschlag-Maschinen seit 1996!","publisher":{"@id":"https:\/\/aeromix.de\/#organization"},"potentialAction":[{"@type":"SearchAction","target":{"@type":"EntryPoint","urlTemplate":"https:\/\/aeromix.de\/?s={search_term_string}"},"query-input":"required name=search_term_string"}],"inLanguage":"pl-PL"},{"@type":"Organization","@id":"https:\/\/aeromix.de\/#organization","name":"Aeromix GmbH","url":"https:\/\/aeromix.de\/","logo":{"@type":"ImageObject","inLanguage":"pl-PL","@id":"https:\/\/aeromix.de\/#\/schema\/logo\/image\/","url":"https:\/\/aeromix.de\/wp-content\/uploads\/2017\/02\/cropped-logo_aeromix.png","contentUrl":"https:\/\/aeromix.de\/wp-content\/uploads\/2017\/02\/cropped-logo_aeromix.png","width":506,"height":275,"caption":"Aeromix GmbH"},"image":{"@id":"https:\/\/aeromix.de\/#\/schema\/logo\/image\/"}}]}},"_links":{"self":[{"href":"https:\/\/aeromix.de\/pl\/wp-json\/wp\/v2\/pages\/77"}],"collection":[{"href":"https:\/\/aeromix.de\/pl\/wp-json\/wp\/v2\/pages"}],"about":[{"href":"https:\/\/aeromix.de\/pl\/wp-json\/wp\/v2\/types\/page"}],"author":[{"embeddable":true,"href":"https:\/\/aeromix.de\/pl\/wp-json\/wp\/v2\/users\/1"}],"replies":[{"embeddable":true,"href":"https:\/\/aeromix.de\/pl\/wp-json\/wp\/v2\/comments?post=77"}],"version-history":[{"count":8,"href":"https:\/\/aeromix.de\/pl\/wp-json\/wp\/v2\/pages\/77\/revisions"}],"predecessor-version":[{"id":244,"href":"https:\/\/aeromix.de\/pl\/wp-json\/wp\/v2\/pages\/77\/revisions\/244"}],"wp:attachment":[{"href":"https:\/\/aeromix.de\/pl\/wp-json\/wp\/v2\/media?parent=77"}],"curies":[{"name":"wp","href":"https:\/\/api.w.org\/{rel}","templated":true}]}}